{"id":5519,"date":"2025-10-31T15:47:47","date_gmt":"2025-10-31T12:47:47","guid":{"rendered":"https:\/\/beton.kcs.com.tr\/?page_id=5519"},"modified":"2025-11-03T17:06:43","modified_gmt":"2025-11-03T14:06:43","slug":"cevreye-saygi","status":"publish","type":"page","link":"https:\/\/beton.kcs.com.tr\/en\/cevreye-saygi\/","title":{"rendered":"\u00c7evreye Sayg\u0131"},"content":{"rendered":"<div class=\"fusion-fullwidth fullwidth-box fusion-builder-row-1 fusion-flex-container has-pattern-background has-mask-background nonhundred-percent-fullwidth non-hundred-percent-height-scrolling\" style=\"--awb-border-radius-top-left:0px;--awb-border-radius-top-right:0px;--awb-border-radius-bottom-right:0px;--awb-border-radius-bottom-left:0px;--awb-flex-wrap:wrap;\" ><div class=\"fusion-builder-row fusion-row fusion-flex-align-items-flex-start fusion-flex-content-wrap\" style=\"max-width:1216.8px;margin-left: calc(-4% \/ 2 );margin-right: calc(-4% \/ 2 );\"><div class=\"fusion-layout-column fusion_builder_column fusion-builder-column-0 fusion_builder_column_1_1 1_1 fusion-flex-column\" style=\"--awb-bg-size:cover;--awb-width-large:100%;--awb-margin-top-large:0px;--awb-spacing-right-large:1.92%;--awb-margin-bottom-large:20px;--awb-spacing-left-large:1.92%;--awb-width-medium:100%;--awb-order-medium:0;--awb-spacing-right-medium:1.92%;--awb-spacing-left-medium:1.92%;--awb-width-small:100%;--awb-order-small:0;--awb-spacing-right-small:1.92%;--awb-spacing-left-small:1.92%;\"><div class=\"fusion-column-wrapper fusion-column-has-shadow fusion-flex-justify-content-flex-start fusion-content-layout-column\"><div class=\"fusion-title title fusion-title-1 fusion-title-text fusion-title-size-one\" style=\"--awb-text-color:#003087;--awb-sep-color:#c8a977;--awb-font-size:35px;\"><div class=\"title-sep-container title-sep-container-left fusion-no-large-visibility fusion-no-medium-visibility fusion-no-small-visibility\"><div class=\"title-sep sep-single sep-solid\" style=\"border-color:#c8a977;\"><\/div><\/div><span class=\"awb-title-spacer fusion-no-large-visibility fusion-no-medium-visibility fusion-no-small-visibility\"><\/span><h1 class=\"fusion-title-heading title-heading-left fusion-responsive-typography-calculated\" style=\"font-family:&quot;Poppins&quot;;font-style:normal;font-weight:400;margin:0;text-transform:capitalize;font-size:1em;--fontSize:35;line-height:var(--awb-typography1-line-height);\">\u00c7EVREYE SAYGI<\/h1><span class=\"awb-title-spacer\"><\/span><div class=\"title-sep-container title-sep-container-right\"><div class=\"title-sep sep-single sep-solid\" style=\"border-color:#c8a977;\"><\/div><\/div><\/div><\/div><\/div><div class=\"fusion-layout-column fusion_builder_column fusion-builder-column-1 fusion_builder_column_1_2 1_2 fusion-flex-column\" style=\"--awb-bg-size:cover;--awb-width-large:50%;--awb-margin-top-large:0px;--awb-spacing-right-large:3.84%;--awb-margin-bottom-large:20px;--awb-spacing-left-large:3.84%;--awb-width-medium:100%;--awb-order-medium:0;--awb-spacing-right-medium:1.92%;--awb-spacing-left-medium:1.92%;--awb-width-small:100%;--awb-order-small:0;--awb-spacing-right-small:1.92%;--awb-spacing-left-small:1.92%;\"><div class=\"fusion-column-wrapper fusion-column-has-shadow fusion-flex-justify-content-flex-start fusion-content-layout-column\"><div class=\"fusion-text fusion-text-1\" style=\"--awb-font-size:14px;--awb-text-color:#003087;--awb-text-font-family:&quot;Poppins&quot;;--awb-text-font-style:normal;--awb-text-font-weight:400;\"><p><strong>Hayat\u0131n devam\u0131 i\u00e7in \u00e7evreye duyarl\u0131y\u0131z,<\/strong><br \/>Kaliteli ve verimli \u00fcretimi, \u00fcretirken tasarruf etmeyi, \u00e7evreye olumsuz etkiyi en aza indirmeyi ve do\u011fay\u0131 korumay\u0131 hedefledik. Bu ama\u00e7la ilk kurulu\u015f a\u015famas\u0131ndan g\u00fcn\u00fcm\u00fcze kadar bu politikaya uygun ekipmanlar kulland\u0131k. Teknolojik geli\u015fmeleri yak\u0131ndan takip ederek; verimlili\u011fi ve kaliteyi artt\u0131ran, enerji tasarrufu sa\u011flayan ve \u00e7evreyi korumak i\u00e7in gerekli olan her t\u00fcrl\u00fc yat\u0131r\u0131m\u0131 yapmay\u0131 hedefledik.<\/p>\n<p><strong>\u00c7evreyi korumak \u00f6nceli\u011fimizdir,<\/strong><br \/>K\u00c7S, \u00fcretimde \u00e7evreci yakla\u015f\u0131m olarak \u00c7evre Y\u00f6netim Birimi\u2019ni kurarak&nbsp;ISO 14001 \u00c7evre Y\u00f6netim Sistemi Belgesi alm\u0131\u015ft\u0131r.<\/p>\n<p><strong>Daha temiz bir d\u00fcnya i\u00e7in at\u0131klar\u0131m\u0131z\u0131 kontrol alt\u0131nda tutuyoruz,<\/strong><br \/>Beton \u00fcretimlerimizde &nbsp;proses kaynakl\u0131 bertaraf edilmeyecek bir at\u0131k olu\u015fmamakta olup, bak\u0131m sonucu ortaya \u00e7\u0131kan at\u0131klar mevzuat kapsam\u0131nda lisansl\u0131 firmalara g\u00f6nderilmektedir.&nbsp;<\/p>\n<p><strong>Su ya\u015famd\u0131r,<\/strong><br \/>Gelecek nesiller i\u00e7in suyun \u00f6neminin fark\u0131nday\u0131z. B\u00fct\u00fcn Tesislerimizde proses kaynakl\u0131 at\u0131k sular\u0131m\u0131z\u0131n geri kazan\u0131m\u0131n\u0131n yap\u0131lmas\u0131 amac\u0131yla \u00e7\u00f6kt\u00fcrme havuzlar\u0131m\u0131z mevcut ve prosesten sonucu olu\u015fan at\u0131k sular bu havuzlarda biriktirilerek tekrar tekrar kullan\u0131lmaktad\u0131r.<\/p>\n<\/div><\/div><\/div><div class=\"fusion-layout-column fusion_builder_column fusion-builder-column-2 fusion_builder_column_1_2 1_2 fusion-flex-column\" style=\"--awb-bg-size:cover;--awb-width-large:50%;--awb-margin-top-large:0px;--awb-spacing-right-large:3.84%;--awb-margin-bottom-large:20px;--awb-spacing-left-large:3.84%;--awb-width-medium:100%;--awb-order-medium:0;--awb-spacing-right-medium:1.92%;--awb-spacing-left-medium:1.92%;--awb-width-small:100%;--awb-order-small:0;--awb-spacing-right-small:1.92%;--awb-spacing-left-small:1.92%;\"><div class=\"fusion-column-wrapper fusion-column-has-shadow fusion-flex-justify-content-flex-start fusion-content-layout-column\"><div class=\"fusion-image-element\" style=\"--awb-aspect-ratio: 100 \/ 91;--awb-caption-title-font-family:var(--h2_typography-font-family);--awb-caption-title-font-weight:var(--h2_typography-font-weight);--awb-caption-title-font-style:var(--h2_typography-font-style);--awb-caption-title-size:var(--h2_typography-font-size);--awb-caption-title-transform:var(--h2_typography-text-transform);--awb-caption-title-line-height:var(--h2_typography-line-height);--awb-caption-title-letter-spacing:var(--h2_typography-letter-spacing);\"><span class=\"fusion-imageframe imageframe-none imageframe-1 hover-type-none has-aspect-ratio\"><img decoding=\"async\" width=\"300\" height=\"278\" src=\"https:\/\/beton.kcs.com.tr\/wp-content\/uploads\/2025\/10\/cevreye-saygi-photo.jpg\" data-orig-src=\"https:\/\/beton.kcs.com.tr\/wp-content\/uploads\/2025\/10\/cevreye-saygi-photo-300x278.jpg\" class=\"lazyload img-responsive wp-image-5573 img-with-aspect-ratio\" data-parent-fit=\"cover\" data-parent-container=\".fusion-image-element\" alt srcset=\"data:image\/svg+xml,%3Csvg%20xmlns%3D%27http%3A%2F%2Fwww.w3.org%2F2000%2Fsvg%27%20width%3D%271080%27%20height%3D%27999%27%20viewBox%3D%270%200%201080%20999%27%3E%3Crect%20width%3D%271080%27%20height%3D%27999%27%20fill-opacity%3D%220%22%2F%3E%3C%2Fsvg%3E\" data-srcset=\"https:\/\/beton.kcs.com.tr\/wp-content\/uploads\/2025\/10\/cevreye-saygi-photo-200x185.jpg 200w, https:\/\/beton.kcs.com.tr\/wp-content\/uploads\/2025\/10\/cevreye-saygi-photo-400x370.jpg 400w, https:\/\/beton.kcs.com.tr\/wp-content\/uploads\/2025\/10\/cevreye-saygi-photo-600x555.jpg 600w, https:\/\/beton.kcs.com.tr\/wp-content\/uploads\/2025\/10\/cevreye-saygi-photo-800x740.jpg 800w, https:\/\/beton.kcs.com.tr\/wp-content\/uploads\/2025\/10\/cevreye-saygi-photo.jpg 1080w\" data-sizes=\"auto\" data-orig-sizes=\"(max-width: 1024px) 100vw, (max-width: 640px) 100vw, 600px\" \/><\/span><\/div><\/div><\/div><\/div><\/div>","protected":false},"excerpt":{"rendered":"","protected":false},"author":1,"featured_media":0,"parent":0,"menu_order":0,"comment_status":"closed","ping_status":"closed","template":"","meta":{"footnotes":""},"class_list":["post-5519","page","type-page","status-publish","hentry"],"_links":{"self":[{"href":"https:\/\/beton.kcs.com.tr\/en\/wp-json\/wp\/v2\/pages\/5519","targetHints":{"allow":["GET"]}}],"collection":[{"href":"https:\/\/beton.kcs.com.tr\/en\/wp-json\/wp\/v2\/pages"}],"about":[{"href":"https:\/\/beton.kcs.com.tr\/en\/wp-json\/wp\/v2\/types\/page"}],"author":[{"embeddable":true,"href":"https:\/\/beton.kcs.com.tr\/en\/wp-json\/wp\/v2\/users\/1"}],"replies":[{"embeddable":true,"href":"https:\/\/beton.kcs.com.tr\/en\/wp-json\/wp\/v2\/comments?post=5519"}],"version-history":[{"count":2,"href":"https:\/\/beton.kcs.com.tr\/en\/wp-json\/wp\/v2\/pages\/5519\/revisions"}],"predecessor-version":[{"id":5598,"href":"https:\/\/beton.kcs.com.tr\/en\/wp-json\/wp\/v2\/pages\/5519\/revisions\/5598"}],"wp:attachment":[{"href":"https:\/\/beton.kcs.com.tr\/en\/wp-json\/wp\/v2\/media?parent=5519"}],"curies":[{"name":"wp","href":"https:\/\/api.w.org\/{rel}","templated":true}]}}