{"id":5536,"date":"2025-10-31T15:48:11","date_gmt":"2025-10-31T12:48:11","guid":{"rendered":"https:\/\/beton.kcs.com.tr\/?page_id=5536"},"modified":"2025-11-24T17:07:52","modified_gmt":"2025-11-24T14:07:52","slug":"kalite-yaklasimi","status":"publish","type":"page","link":"https:\/\/beton.kcs.com.tr\/en\/kalite-yaklasimi\/","title":{"rendered":"Kalite Yakla\u015f\u0131m\u0131"},"content":{"rendered":"<div class=\"fusion-fullwidth fullwidth-box fusion-builder-row-1 fusion-flex-container has-pattern-background has-mask-background nonhundred-percent-fullwidth non-hundred-percent-height-scrolling\" style=\"--awb-border-radius-top-left:0px;--awb-border-radius-top-right:0px;--awb-border-radius-bottom-right:0px;--awb-border-radius-bottom-left:0px;--awb-flex-wrap:wrap;\" ><div class=\"fusion-builder-row fusion-row fusion-flex-align-items-flex-start fusion-flex-content-wrap\" style=\"max-width:1216.8px;margin-left: calc(-4% \/ 2 );margin-right: calc(-4% \/ 2 );\"><div class=\"fusion-layout-column fusion_builder_column fusion-builder-column-0 fusion_builder_column_1_1 1_1 fusion-flex-column\" style=\"--awb-bg-size:cover;--awb-width-large:100%;--awb-margin-top-large:0px;--awb-spacing-right-large:1.92%;--awb-margin-bottom-large:20px;--awb-spacing-left-large:1.92%;--awb-width-medium:100%;--awb-order-medium:0;--awb-spacing-right-medium:1.92%;--awb-spacing-left-medium:1.92%;--awb-width-small:100%;--awb-order-small:0;--awb-spacing-right-small:1.92%;--awb-spacing-left-small:1.92%;\"><div class=\"fusion-column-wrapper fusion-column-has-shadow fusion-flex-justify-content-flex-start fusion-content-layout-column\"><div class=\"fusion-title title fusion-title-1 fusion-title-text fusion-title-size-one\" style=\"--awb-text-color:#003087;--awb-sep-color:#c8a977;--awb-font-size:35px;\"><div class=\"title-sep-container title-sep-container-left fusion-no-large-visibility fusion-no-medium-visibility fusion-no-small-visibility\"><div class=\"title-sep sep-single sep-solid\" style=\"border-color:#c8a977;\"><\/div><\/div><span class=\"awb-title-spacer fusion-no-large-visibility fusion-no-medium-visibility fusion-no-small-visibility\"><\/span><h1 class=\"fusion-title-heading title-heading-left fusion-responsive-typography-calculated\" style=\"font-family:&quot;Poppins&quot;;font-style:normal;font-weight:400;margin:0;text-transform:capitalize;font-size:1em;--fontSize:35;line-height:var(--awb-typography1-line-height);\">KAL\u0130TE YAKLA\u015eIMI<\/h1><span class=\"awb-title-spacer\"><\/span><div class=\"title-sep-container title-sep-container-right\"><div class=\"title-sep sep-single sep-solid\" style=\"border-color:#c8a977;\"><\/div><\/div><\/div><\/div><\/div><div class=\"fusion-layout-column fusion_builder_column fusion-builder-column-1 fusion_builder_column_1_2 1_2 fusion-flex-column\" style=\"--awb-bg-size:cover;--awb-width-large:50%;--awb-margin-top-large:0px;--awb-spacing-right-large:3.84%;--awb-margin-bottom-large:20px;--awb-spacing-left-large:3.84%;--awb-width-medium:100%;--awb-order-medium:0;--awb-spacing-right-medium:1.92%;--awb-spacing-left-medium:1.92%;--awb-width-small:100%;--awb-order-small:0;--awb-spacing-right-small:1.92%;--awb-spacing-left-small:1.92%;\"><div class=\"fusion-column-wrapper fusion-column-has-shadow fusion-flex-justify-content-flex-start fusion-content-layout-column\"><div class=\"fusion-text fusion-text-1\" style=\"--awb-font-size:14px;--awb-text-color:#003087;--awb-text-font-family:&quot;Poppins&quot;;--awb-text-font-style:normal;--awb-text-font-weight:400;\"><p>K\u00c7S Kipa\u015f Beton olarak hedefimiz; TS EN 206, TS 13515 ve ilgili ulusal\u2013uluslararas\u0131 standartlara uygun \u015fekilde \u00fcretim yaparak, haz\u0131r beton sekt\u00f6r\u00fcnde s\u00fcrd\u00fcr\u00fclebilir kalite, teknik g\u00fcvenilirlik ve m\u00fc\u015fteri memnuniyetini en \u00fcst d\u00fczeyde sa\u011flamakt\u0131r.<\/p>\n<p>Faaliyetlerimizde bilimsel temelli kalite kontrol, s\u00fcrekli iyile\u015ftirme ve veri odakl\u0131 karar mekanizmalar\u0131 esas al\u0131n\u0131r. Kalite y\u00f6netim sistemimiz, \u00fcretim s\u00fcrecinin her a\u015famas\u0131nda \u2014 hammadde giri\u015f kontrol\u00fc, kar\u0131\u015f\u0131m tasar\u0131m\u0131, \u00fcretim, sevkiyat ve son kontrol dahil olmak \u00fczere \u2014 sistematik bi\u00e7imde uygulan\u0131r.<\/p>\n<p>T\u00fcm tesislerimiz TSE onayl\u0131 kalite y\u00f6netim prosed\u00fcrleri \u00e7er\u00e7evesinde faaliyet g\u00f6sterir ve d\u00fczenli olarak i\u00e7 ve d\u0131\u015f denetimlerden ge\u00e7er.<\/p>\n<p>K\u00c7S Kipa\u015f Beton olarak kaliteyi bir sonu\u00e7 de\u011fil, s\u00fcrekli geli\u015ftirilen bir s\u00fcre\u00e7 olarak g\u00f6r\u00fcyoruz. Her bir beton numunesi, sahadan laboratuvara uzanan zincirde; m\u00fchendislik prensiplerine ve standartlara uygun bi\u00e7imde de\u011ferlendirilir.<\/p>\n<p>\u00dcretti\u011fimiz her beton, yaln\u0131zca dayan\u0131m sa\u011flayan bir malzeme de\u011fil; uzun \u00f6m\u00fcrl\u00fc, g\u00fcvenli ve \u00e7evreye duyarl\u0131 yap\u0131lar i\u00e7in bir m\u00fchendislik \u00e7\u00f6z\u00fcm\u00fcd\u00fcr. Kullan\u0131lan hammaddelerden \u00fcretim s\u00fcrecine, sevkiyattan yerinde performans takibine kadar t\u00fcm a\u015famalarda kalite kontrol sistemimiz aktif olarak i\u015fletilir.<\/p>\n<p>K\u00c7S Kipa\u015f Beton, geli\u015fmi\u015f laboratuvar altyap\u0131s\u0131, deneyimli teknik kadrosu ve s\u00fcrekli iyile\u015ftirme yakla\u015f\u0131m\u0131yla,<\/p>\n<p>\u201cDo\u011fru kar\u0131\u015f\u0131m, do\u011fru kalite, do\u011fru yap\u0131.\u201d<\/p>\n<p>anlay\u0131\u015f\u0131n\u0131 her projede hayata ge\u00e7irir.<\/p>\n<\/div><\/div><\/div><div class=\"fusion-layout-column fusion_builder_column fusion-builder-column-2 fusion_builder_column_1_2 1_2 fusion-flex-column\" style=\"--awb-bg-size:cover;--awb-width-large:50%;--awb-margin-top-large:0px;--awb-spacing-right-large:3.84%;--awb-margin-bottom-large:20px;--awb-spacing-left-large:3.84%;--awb-width-medium:100%;--awb-order-medium:0;--awb-spacing-right-medium:1.92%;--awb-spacing-left-medium:1.92%;--awb-width-small:100%;--awb-order-small:0;--awb-spacing-right-small:1.92%;--awb-spacing-left-small:1.92%;\"><div class=\"fusion-column-wrapper fusion-column-has-shadow fusion-flex-justify-content-flex-start fusion-content-layout-column\"><div class=\"fusion-image-element\" style=\"--awb-aspect-ratio: 100 \/ 66;--awb-caption-title-font-family:var(--h2_typography-font-family);--awb-caption-title-font-weight:var(--h2_typography-font-weight);--awb-caption-title-font-style:var(--h2_typography-font-style);--awb-caption-title-size:var(--h2_typography-font-size);--awb-caption-title-transform:var(--h2_typography-text-transform);--awb-caption-title-line-height:var(--h2_typography-line-height);--awb-caption-title-letter-spacing:var(--h2_typography-letter-spacing);\"><span class=\"fusion-imageframe imageframe-none imageframe-1 hover-type-none has-aspect-ratio\"><img decoding=\"async\" width=\"300\" height=\"194\" src=\"https:\/\/beton.kcs.com.tr\/wp-content\/uploads\/2025\/10\/Kalite-Yaklasimi-2.jpg\" data-orig-src=\"https:\/\/beton.kcs.com.tr\/wp-content\/uploads\/2025\/10\/Kalite-Yaklasimi-2-300x194.jpg\" class=\"lazyload img-responsive wp-image-5421 img-with-aspect-ratio\" data-parent-fit=\"cover\" data-parent-container=\".fusion-image-element\" alt srcset=\"data:image\/svg+xml,%3Csvg%20xmlns%3D%27http%3A%2F%2Fwww.w3.org%2F2000%2Fsvg%27%20width%3D%27739%27%20height%3D%27477%27%20viewBox%3D%270%200%20739%20477%27%3E%3Crect%20width%3D%27739%27%20height%3D%27477%27%20fill-opacity%3D%220%22%2F%3E%3C%2Fsvg%3E\" data-srcset=\"https:\/\/beton.kcs.com.tr\/wp-content\/uploads\/2025\/10\/Kalite-Yaklasimi-2-200x129.jpg 200w, https:\/\/beton.kcs.com.tr\/wp-content\/uploads\/2025\/10\/Kalite-Yaklasimi-2-400x258.jpg 400w, https:\/\/beton.kcs.com.tr\/wp-content\/uploads\/2025\/10\/Kalite-Yaklasimi-2-600x387.jpg 600w, https:\/\/beton.kcs.com.tr\/wp-content\/uploads\/2025\/10\/Kalite-Yaklasimi-2.jpg 739w\" data-sizes=\"auto\" data-orig-sizes=\"(max-width: 1024px) 100vw, (max-width: 640px) 100vw, 600px\" \/><\/span><\/div><\/div><\/div><div class=\"fusion-layout-column fusion_builder_column fusion-builder-column-3 fusion_builder_column_1_1 1_1 fusion-flex-column\" style=\"--awb-bg-size:cover;--awb-width-large:100%;--awb-margin-top-large:0px;--awb-spacing-right-large:1.92%;--awb-margin-bottom-large:20px;--awb-spacing-left-large:1.92%;--awb-width-medium:100%;--awb-order-medium:0;--awb-spacing-right-medium:1.92%;--awb-spacing-left-medium:1.92%;--awb-width-small:100%;--awb-order-small:0;--awb-spacing-right-small:1.92%;--awb-spacing-left-small:1.92%;\"><div class=\"fusion-column-wrapper fusion-column-has-shadow fusion-flex-justify-content-flex-start fusion-content-layout-column\"><div class=\"fusion-text fusion-text-2\" style=\"--awb-font-size:14px;--awb-text-color:#003087;--awb-text-font-family:&quot;Poppins&quot;;--awb-text-font-style:normal;--awb-text-font-weight:400;\"><p><strong>Laboratuvar Yap\u0131lanmas\u0131<\/strong><\/p>\n<p><strong>Yerel Laboratuvarlar<\/strong><\/p>\n<p>T\u00fcm sabit ve mobil santrallerimizde, standartlara uygun deney ekipmanlar\u0131yla donat\u0131lm\u0131\u015f yerel laboratuvarlar\u0131m\u0131z bulunur.<br \/>Bu laboratuvarlarda a\u015fa\u011f\u0131daki deneyler d\u00fczenli olarak yap\u0131l\u0131r:<br \/>&#8211; Taze beton deneyleri: K\u0131vam (TS EN 12350-2), s\u0131cakl\u0131k, yo\u011funluk, hava miktar\u0131, numune alma (TS EN 12350-1)<br \/>&#8211; Sertle\u015fmi\u015f beton deneyleri: Bas\u0131n\u00e7 dayan\u0131m\u0131 (TS EN 12390-3), ya\u015flanma takibi<br \/>&#8211; Agrega deneyleri: Gran\u00fclometri, 0.063 mm alt\u0131 ince madde oran\u0131 (TS EN 933-1), metilen mavisi deneyi TS EN 933-9, \u00f6zg\u00fcl a\u011f\u0131rl\u0131k ve su emme (TS EN 1097-6), Los Angeles (TS EN 1097-2)<br \/>Her laboratuvar, deney sonu\u00e7lar\u0131n\u0131 g\u00fcnl\u00fck olarak b\u00f6lge kalite sorumlusuna raporlar ve sistem \u00fczerinde dijital olarak ar\u015fivler.<\/p>\n<p><strong>Merkezi Laboratuvar<\/strong><\/p>\n<p>Kahramanmara\u015f\u2019ta bulunan Merkezi Kalite Laboratuvar\u0131, t\u00fcm saha laboratuvarlar\u0131n\u0131n teknik otoritesidir.<br \/>G\u00f6revleri aras\u0131nda:<br \/>&#8211; Deney ekipmanlar\u0131n\u0131n kalibrasyon ve do\u011frulama s\u00fcre\u00e7lerinin y\u00f6netimi<br \/>&#8211; Yeni hammadde kaynaklar\u0131n\u0131n teknik uygunluk testleri<br \/>&#8211; Kar\u0131\u015f\u0131m optimizasyon \u00e7al\u0131\u015fmalar\u0131 ve performans deneyleri<br \/>&#8211; E\u011fitim ve teknik rehberlik faaliyetleri<\/p>\n<p>&nbsp;<\/p>\n<p><strong>Ba\u011f\u0131ms\u0131z Do\u011frulama Testleri<\/strong><\/p>\n<p>K\u00c7S Kipa\u015f Beton, kendi i\u00e7 kalite g\u00fcvence sistemini do\u011frulamak amac\u0131yla, d\u00fczenli aral\u0131klarla T\u00dcRKAK akreditasyonlu ba\u011f\u0131ms\u0131z test kurulu\u015flar\u0131 ile kar\u015f\u0131la\u015ft\u0131rma testleri (proficiency test) ger\u00e7ekle\u015ftirir.<br \/>Bu testlerin sonu\u00e7lar\u0131, \u015firketin deneysel do\u011fruluk seviyesini teyit eder ve gerekli durumlarda m\u00fc\u015fteri veya dan\u0131\u015fman kurumlara sunulur.<\/p>\n<\/div><\/div><\/div><\/div><\/div>","protected":false},"excerpt":{"rendered":"","protected":false},"author":1,"featured_media":0,"parent":0,"menu_order":0,"comment_status":"closed","ping_status":"closed","template":"","meta":{"footnotes":""},"class_list":["post-5536","page","type-page","status-publish","hentry"],"_links":{"self":[{"href":"https:\/\/beton.kcs.com.tr\/en\/wp-json\/wp\/v2\/pages\/5536","targetHints":{"allow":["GET"]}}],"collection":[{"href":"https:\/\/beton.kcs.com.tr\/en\/wp-json\/wp\/v2\/pages"}],"about":[{"href":"https:\/\/beton.kcs.com.tr\/en\/wp-json\/wp\/v2\/types\/page"}],"author":[{"embeddable":true,"href":"https:\/\/beton.kcs.com.tr\/en\/wp-json\/wp\/v2\/users\/1"}],"replies":[{"embeddable":true,"href":"https:\/\/beton.kcs.com.tr\/en\/wp-json\/wp\/v2\/comments?post=5536"}],"version-history":[{"count":4,"href":"https:\/\/beton.kcs.com.tr\/en\/wp-json\/wp\/v2\/pages\/5536\/revisions"}],"predecessor-version":[{"id":5641,"href":"https:\/\/beton.kcs.com.tr\/en\/wp-json\/wp\/v2\/pages\/5536\/revisions\/5641"}],"wp:attachment":[{"href":"https:\/\/beton.kcs.com.tr\/en\/wp-json\/wp\/v2\/media?parent=5536"}],"curies":[{"name":"wp","href":"https:\/\/api.w.org\/{rel}","templated":true}]}}