{"id":5551,"date":"2025-10-31T15:48:11","date_gmt":"2025-10-31T12:48:11","guid":{"rendered":"https:\/\/beton.kcs.com.tr\/?page_id=5551"},"modified":"2025-11-04T11:38:24","modified_gmt":"2025-11-04T08:38:24","slug":"renkli-beton","status":"publish","type":"page","link":"https:\/\/beton.kcs.com.tr\/en\/renkli-beton\/","title":{"rendered":"Renkli Beton"},"content":{"rendered":"<div class=\"fusion-fullwidth fullwidth-box fusion-builder-row-1 fusion-flex-container has-pattern-background has-mask-background nonhundred-percent-fullwidth non-hundred-percent-height-scrolling\" style=\"--awb-border-radius-top-left:0px;--awb-border-radius-top-right:0px;--awb-border-radius-bottom-right:0px;--awb-border-radius-bottom-left:0px;--awb-flex-wrap:wrap;\" ><div class=\"fusion-builder-row fusion-row fusion-flex-align-items-flex-start fusion-flex-content-wrap\" style=\"max-width:1216.8px;margin-left: calc(-4% \/ 2 );margin-right: calc(-4% \/ 2 );\"><div class=\"fusion-layout-column fusion_builder_column fusion-builder-column-0 fusion_builder_column_1_2 1_2 fusion-flex-column\" style=\"--awb-bg-size:cover;--awb-width-large:50%;--awb-margin-top-large:0px;--awb-spacing-right-large:3.84%;--awb-margin-bottom-large:20px;--awb-spacing-left-large:3.84%;--awb-width-medium:100%;--awb-order-medium:0;--awb-spacing-right-medium:1.92%;--awb-spacing-left-medium:1.92%;--awb-width-small:100%;--awb-order-small:0;--awb-spacing-right-small:1.92%;--awb-spacing-left-small:1.92%;\"><div class=\"fusion-column-wrapper fusion-column-has-shadow fusion-flex-justify-content-flex-start fusion-content-layout-column\"><div class=\"fusion-image-element\" style=\"--awb-aspect-ratio: 100 \/ 99;--awb-caption-title-font-family:var(--h2_typography-font-family);--awb-caption-title-font-weight:var(--h2_typography-font-weight);--awb-caption-title-font-style:var(--h2_typography-font-style);--awb-caption-title-size:var(--h2_typography-font-size);--awb-caption-title-transform:var(--h2_typography-text-transform);--awb-caption-title-line-height:var(--h2_typography-line-height);--awb-caption-title-letter-spacing:var(--h2_typography-letter-spacing);\"><span class=\"fusion-imageframe imageframe-none imageframe-1 hover-type-none has-aspect-ratio\"><img decoding=\"async\" width=\"300\" height=\"243\" src=\"https:\/\/beton.kcs.com.tr\/wp-content\/uploads\/2025\/10\/renklibeton-1-1594905351.jpg\" data-orig-src=\"https:\/\/beton.kcs.com.tr\/wp-content\/uploads\/2025\/10\/renklibeton-1-1594905351-300x243.jpg\" class=\"lazyload img-responsive wp-image-5445 img-with-aspect-ratio\" data-parent-fit=\"cover\" data-parent-container=\".fusion-image-element\" alt srcset=\"data:image\/svg+xml,%3Csvg%20xmlns%3D%27http%3A%2F%2Fwww.w3.org%2F2000%2Fsvg%27%20width%3D%27962%27%20height%3D%27779%27%20viewBox%3D%270%200%20962%20779%27%3E%3Crect%20width%3D%27962%27%20height%3D%27779%27%20fill-opacity%3D%220%22%2F%3E%3C%2Fsvg%3E\" data-srcset=\"https:\/\/beton.kcs.com.tr\/wp-content\/uploads\/2025\/10\/renklibeton-1-1594905351-200x162.jpg 200w, https:\/\/beton.kcs.com.tr\/wp-content\/uploads\/2025\/10\/renklibeton-1-1594905351-400x324.jpg 400w, https:\/\/beton.kcs.com.tr\/wp-content\/uploads\/2025\/10\/renklibeton-1-1594905351-600x486.jpg 600w, https:\/\/beton.kcs.com.tr\/wp-content\/uploads\/2025\/10\/renklibeton-1-1594905351-800x648.jpg 800w, https:\/\/beton.kcs.com.tr\/wp-content\/uploads\/2025\/10\/renklibeton-1-1594905351.jpg 962w\" data-sizes=\"auto\" data-orig-sizes=\"(max-width: 1024px) 100vw, (max-width: 640px) 100vw, 600px\" \/><\/span><\/div><\/div><\/div><div class=\"fusion-layout-column fusion_builder_column fusion-builder-column-1 fusion_builder_column_1_2 1_2 fusion-flex-column\" style=\"--awb-bg-size:cover;--awb-width-large:50%;--awb-margin-top-large:0px;--awb-spacing-right-large:3.84%;--awb-margin-bottom-large:20px;--awb-spacing-left-large:3.84%;--awb-width-medium:100%;--awb-order-medium:0;--awb-spacing-right-medium:1.92%;--awb-spacing-left-medium:1.92%;--awb-width-small:100%;--awb-order-small:0;--awb-spacing-right-small:1.92%;--awb-spacing-left-small:1.92%;\"><div class=\"fusion-column-wrapper fusion-column-has-shadow fusion-flex-justify-content-flex-start fusion-content-layout-column\"><div class=\"fusion-title title fusion-title-1 fusion-title-text fusion-title-size-one\" style=\"--awb-text-color:#003087;--awb-sep-color:#c8a977;--awb-font-size:35px;\"><div class=\"title-sep-container title-sep-container-left fusion-no-large-visibility fusion-no-medium-visibility fusion-no-small-visibility\"><div class=\"title-sep sep-single sep-solid\" style=\"border-color:#c8a977;\"><\/div><\/div><span class=\"awb-title-spacer fusion-no-large-visibility fusion-no-medium-visibility fusion-no-small-visibility\"><\/span><h1 class=\"fusion-title-heading title-heading-left fusion-responsive-typography-calculated\" style=\"font-family:&quot;Poppins&quot;;font-style:normal;font-weight:400;margin:0;text-transform:capitalize;font-size:1em;--fontSize:35;line-height:var(--awb-typography1-line-height);\">\u00dcr\u00fcn Tipi<\/h1><span class=\"awb-title-spacer\"><\/span><div class=\"title-sep-container title-sep-container-right\"><div class=\"title-sep sep-single sep-solid\" style=\"border-color:#c8a977;\"><\/div><\/div><\/div><div class=\"fusion-text fusion-text-1\" style=\"--awb-font-size:24px;--awb-text-color:#003087;--awb-text-font-family:&quot;Poppins&quot;;--awb-text-font-style:normal;--awb-text-font-weight:400;\"><p>Renkli Beton<\/p>\n<\/div><div class=\"fusion-title title fusion-title-2 fusion-title-text fusion-title-size-one\" style=\"--awb-text-color:#003087;--awb-sep-color:#c8a977;--awb-font-size:35px;\"><div class=\"title-sep-container title-sep-container-left fusion-no-large-visibility fusion-no-medium-visibility fusion-no-small-visibility\"><div class=\"title-sep sep-single sep-solid\" style=\"border-color:#c8a977;\"><\/div><\/div><span class=\"awb-title-spacer fusion-no-large-visibility fusion-no-medium-visibility fusion-no-small-visibility\"><\/span><h1 class=\"fusion-title-heading title-heading-left fusion-responsive-typography-calculated\" style=\"font-family:&quot;Poppins&quot;;font-style:normal;font-weight:400;margin:0;text-transform:capitalize;font-size:1em;--fontSize:35;line-height:var(--awb-typography1-line-height);\">\u00dcr\u00fcn Standard\u0131<\/h1><span class=\"awb-title-spacer\"><\/span><div class=\"title-sep-container title-sep-container-right\"><div class=\"title-sep sep-single sep-solid\" style=\"border-color:#c8a977;\"><\/div><\/div><\/div><div class=\"fusion-title title fusion-title-3 fusion-title-text fusion-title-size-one\" style=\"--awb-text-color:#003087;--awb-sep-color:#c8a977;--awb-font-size:35px;\"><div class=\"title-sep-container title-sep-container-left fusion-no-large-visibility fusion-no-medium-visibility fusion-no-small-visibility\"><div class=\"title-sep sep-single sep-solid\" style=\"border-color:#c8a977;\"><\/div><\/div><span class=\"awb-title-spacer fusion-no-large-visibility fusion-no-medium-visibility fusion-no-small-visibility\"><\/span><h1 class=\"fusion-title-heading title-heading-left fusion-responsive-typography-calculated\" style=\"font-family:&quot;Poppins&quot;;font-style:normal;font-weight:400;margin:0;text-transform:capitalize;font-size:1em;--fontSize:35;line-height:var(--awb-typography1-line-height);\">\u00dcr\u00fcn Tan\u0131m\u0131<\/h1><span class=\"awb-title-spacer\"><\/span><div class=\"title-sep-container title-sep-container-right\"><div class=\"title-sep sep-single sep-solid\" style=\"border-color:#c8a977;\"><\/div><\/div><\/div><\/div><\/div><div class=\"fusion-layout-column fusion_builder_column fusion-builder-column-2 fusion_builder_column_1_1 1_1 fusion-flex-column\" style=\"--awb-bg-size:cover;--awb-width-large:100%;--awb-margin-top-large:0px;--awb-spacing-right-large:1.92%;--awb-margin-bottom-large:20px;--awb-spacing-left-large:1.92%;--awb-width-medium:100%;--awb-order-medium:0;--awb-spacing-right-medium:1.92%;--awb-spacing-left-medium:1.92%;--awb-width-small:100%;--awb-order-small:0;--awb-spacing-right-small:1.92%;--awb-spacing-left-small:1.92%;\"><div class=\"fusion-column-wrapper fusion-column-has-shadow fusion-flex-justify-content-flex-start fusion-content-layout-column\"><div class=\"fusion-title title fusion-title-4 fusion-title-text fusion-title-size-one\" style=\"--awb-text-color:#003087;--awb-sep-color:#c8a977;--awb-font-size:35px;\"><div class=\"title-sep-container title-sep-container-left fusion-no-large-visibility fusion-no-medium-visibility fusion-no-small-visibility\"><div class=\"title-sep sep-single sep-solid\" style=\"border-color:#c8a977;\"><\/div><\/div><span class=\"awb-title-spacer fusion-no-large-visibility fusion-no-medium-visibility fusion-no-small-visibility\"><\/span><h1 class=\"fusion-title-heading title-heading-left fusion-responsive-typography-calculated\" style=\"font-family:&quot;Poppins&quot;;font-style:normal;font-weight:400;margin:0;text-transform:capitalize;font-size:1em;--fontSize:35;line-height:var(--awb-typography1-line-height);\">Kullan\u0131m Alan\u0131<\/h1><span class=\"awb-title-spacer\"><\/span><div class=\"title-sep-container title-sep-container-right\"><div class=\"title-sep sep-single sep-solid\" style=\"border-color:#c8a977;\"><\/div><\/div><\/div><div class=\"fusion-text fusion-text-2\" style=\"--awb-font-size:14px;--awb-text-color:#003087;--awb-text-font-family:&quot;Poppins&quot;;--awb-text-font-style:normal;--awb-text-font-weight:400;\"><p>Boyan\u0131n s\u00fcrekli a\u015f\u0131nmaya maruz kald\u0131\u011f\u0131 y\u00fczeylerde ve estetik g\u00f6r\u00fcn\u00fcm\u00fcn \u00f6n planda oldu\u011fu y\u00fczeylerde kullan\u0131lmak \u00fczere tasarlanm\u0131\u015ft\u0131r. Renk se\u00e7enekleri pigmentler ile sa\u011flanmakta olup renk se\u00e7enekleri olduk\u00e7a fazlad\u0131r.&nbsp; T\u00fcm beton s\u0131n\u0131flar\u0131na uygulanabilmektedir.&nbsp;<\/p>\n<p><b>Avantajlar\u0131:<\/b><\/p>\n<ul>\n<li>7 \u00e7e\u015fit pigmentin kar\u0131\u015f\u0131m\u0131 ile istenilen ve \u00e7ok say\u0131da renk sa\u011flanabilmektedir.<\/li>\n<li>Boya gerektirmemektedir.<\/li>\n<li>Kent meydanlar\u0131ndaki dekoratif uygulamalar , bisiklet ve y\u00fcr\u00fcy\u00fc\u015f yolu gibi dekoratif g\u00f6r\u00fcn\u00fcm istenen ve boya kaplamas\u0131 s\u00fcrekli a\u015f\u0131nmaya maruz kalan zeminler i\u00e7in ideal \u00e7\u00f6z\u00fcmler \u00fcretir.<\/li>\n<li>Kolay yerle\u015ftirilir ve&nbsp; i\u015flenebilir.<\/li>\n<li>Bak\u0131m masraflar\u0131 d\u00fc\u015f\u00fckt\u00fcr.<\/li>\n<li>Farkl\u0131&nbsp; epoksi&nbsp; veya cila uygulamalar\u0131 ile uyumludur.<\/li>\n<\/ul>\n<\/div><\/div><\/div><\/div><\/div>","protected":false},"excerpt":{"rendered":"","protected":false},"author":1,"featured_media":0,"parent":0,"menu_order":0,"comment_status":"closed","ping_status":"closed","template":"","meta":{"footnotes":""},"class_list":["post-5551","page","type-page","status-publish","hentry"],"_links":{"self":[{"href":"https:\/\/beton.kcs.com.tr\/en\/wp-json\/wp\/v2\/pages\/5551","targetHints":{"allow":["GET"]}}],"collection":[{"href":"https:\/\/beton.kcs.com.tr\/en\/wp-json\/wp\/v2\/pages"}],"about":[{"href":"https:\/\/beton.kcs.com.tr\/en\/wp-json\/wp\/v2\/types\/page"}],"author":[{"embeddable":true,"href":"https:\/\/beton.kcs.com.tr\/en\/wp-json\/wp\/v2\/users\/1"}],"replies":[{"embeddable":true,"href":"https:\/\/beton.kcs.com.tr\/en\/wp-json\/wp\/v2\/comments?post=5551"}],"version-history":[{"count":2,"href":"https:\/\/beton.kcs.com.tr\/en\/wp-json\/wp\/v2\/pages\/5551\/revisions"}],"predecessor-version":[{"id":5625,"href":"https:\/\/beton.kcs.com.tr\/en\/wp-json\/wp\/v2\/pages\/5551\/revisions\/5625"}],"wp:attachment":[{"href":"https:\/\/beton.kcs.com.tr\/en\/wp-json\/wp\/v2\/media?parent=5551"}],"curies":[{"name":"wp","href":"https:\/\/api.w.org\/{rel}","templated":true}]}}