{"id":5553,"date":"2025-10-31T15:48:11","date_gmt":"2025-10-31T12:48:11","guid":{"rendered":"https:\/\/beton.kcs.com.tr\/?page_id=5553"},"modified":"2025-11-04T13:29:11","modified_gmt":"2025-11-04T10:29:11","slug":"sikca-sorulan-sorular","status":"publish","type":"page","link":"https:\/\/beton.kcs.com.tr\/en\/sikca-sorulan-sorular\/","title":{"rendered":"S\u0131k\u00e7a Sorulan Sorular"},"content":{"rendered":"<div class=\"fusion-fullwidth fullwidth-box fusion-builder-row-1 fusion-flex-container has-pattern-background has-mask-background nonhundred-percent-fullwidth non-hundred-percent-height-scrolling\" style=\"--awb-border-radius-top-left:0px;--awb-border-radius-top-right:0px;--awb-border-radius-bottom-right:0px;--awb-border-radius-bottom-left:0px;--awb-flex-wrap:wrap;\" ><div class=\"fusion-builder-row fusion-row fusion-flex-align-items-flex-start fusion-flex-content-wrap\" style=\"max-width:1216.8px;margin-left: calc(-4% \/ 2 );margin-right: calc(-4% \/ 2 );\"><div class=\"fusion-layout-column fusion_builder_column fusion-builder-column-0 fusion_builder_column_1_1 1_1 fusion-flex-column\" style=\"--awb-bg-size:cover;--awb-width-large:100%;--awb-margin-top-large:0px;--awb-spacing-right-large:1.92%;--awb-margin-bottom-large:20px;--awb-spacing-left-large:1.92%;--awb-width-medium:100%;--awb-order-medium:0;--awb-spacing-right-medium:1.92%;--awb-spacing-left-medium:1.92%;--awb-width-small:100%;--awb-order-small:0;--awb-spacing-right-small:1.92%;--awb-spacing-left-small:1.92%;\"><div class=\"fusion-column-wrapper fusion-column-has-shadow fusion-flex-justify-content-flex-start fusion-content-layout-column\"><div class=\"fusion-title title fusion-title-1 fusion-title-text fusion-title-size-one\" style=\"--awb-text-color:#003087;--awb-sep-color:#c8a977;--awb-font-size:35px;\"><div class=\"title-sep-container title-sep-container-left fusion-no-large-visibility fusion-no-medium-visibility fusion-no-small-visibility\"><div class=\"title-sep sep-single sep-solid\" style=\"border-color:#c8a977;\"><\/div><\/div><span class=\"awb-title-spacer fusion-no-large-visibility fusion-no-medium-visibility fusion-no-small-visibility\"><\/span><h1 class=\"fusion-title-heading title-heading-left fusion-responsive-typography-calculated\" style=\"font-family:&quot;Poppins&quot;;font-style:normal;font-weight:400;margin:0;text-transform:capitalize;font-size:1em;--fontSize:35;line-height:var(--awb-typography1-line-height);\">SIK\u00c7A SORULAN SORULAR<\/h1><span class=\"awb-title-spacer\"><\/span><div class=\"title-sep-container title-sep-container-right\"><div class=\"title-sep sep-single sep-solid\" style=\"border-color:#c8a977;\"><\/div><\/div><\/div><\/div><\/div><div class=\"fusion-layout-column fusion_builder_column fusion-builder-column-1 fusion_builder_column_1_1 1_1 fusion-flex-column\" style=\"--awb-bg-size:cover;--awb-width-large:100%;--awb-margin-top-large:0px;--awb-spacing-right-large:1.92%;--awb-margin-bottom-large:0px;--awb-spacing-left-large:1.92%;--awb-width-medium:100%;--awb-order-medium:0;--awb-spacing-right-medium:1.92%;--awb-spacing-left-medium:1.92%;--awb-width-small:100%;--awb-order-small:0;--awb-spacing-right-small:1.92%;--awb-spacing-left-small:1.92%;\"><div class=\"fusion-column-wrapper fusion-column-has-shadow fusion-flex-justify-content-flex-start fusion-content-layout-column\"><div class=\"accordian fusion-accordian\" style=\"--awb-border-size:2px;--awb-icon-size:16px;--awb-content-font-size:14px;--awb-icon-alignment:right;--awb-hover-color:var(--awb-color2);--awb-border-color:#003087;--awb-background-color:var(--awb-color1);--awb-divider-color:var(--awb-color2);--awb-divider-hover-color:var(--awb-color2);--awb-icon-color:var(--awb-color1);--awb-title-color:hsla(var(--awb-custom_color_1-h),var(--awb-custom_color_1-s),calc(var(--awb-custom_color_1-l) + 20%),var(--awb-custom_color_1-a));--awb-content-color:#003087;--awb-icon-box-color:var(--awb-custom_color_1);--awb-toggle-hover-accent-color:#c8a977;--awb-title-font-family:&quot;Poppins&quot;;--awb-title-font-weight:400;--awb-title-font-style:normal;--awb-title-font-size:21px;--awb-content-font-family:&quot;Poppins&quot;;--awb-content-font-style:normal;--awb-content-font-weight:400;\"><div class=\"panel-group fusion-toggle-icon-right fusion-toggle-icon-boxed\" id=\"accordion-5553-1\"><div class=\"fusion-panel panel-default panel-301ff7bc62154cd71 fusion-toggle-no-divider fusion-toggle-boxed-mode\" style=\"--awb-content-font-size:14px;--awb-content-font-family:&quot;Poppins&quot;;--awb-content-font-style:normal;--awb-content-font-weight:400;--awb-title-font-family:&quot;Poppins&quot;;--awb-title-font-weight:400;--awb-title-font-style:normal;--awb-title-color:var(--awb-custom_color_1);\"><div class=\"panel-heading\"><h4 class=\"panel-title toggle\" id=\"toggle_301ff7bc62154cd71\"><a aria-expanded=\"false\" aria-controls=\"301ff7bc62154cd71\" role=\"button\" data-toggle=\"collapse\" data-parent=\"#accordion-5553-1\" data-target=\"#301ff7bc62154cd71\" href=\"#301ff7bc62154cd71\"><span class=\"fusion-toggle-icon-wrapper\" aria-hidden=\"true\"><i class=\"fa-fusion-box active-icon fa-angle-down fas\" aria-hidden=\"true\"><\/i><i class=\"fa-fusion-box inactive-icon fa-angle-right fas\" aria-hidden=\"true\"><\/i><\/span><span class=\"fusion-toggle-heading\">Beton nedir?<\/span><\/a><\/h4><\/div><div id=\"301ff7bc62154cd71\" class=\"panel-collapse collapse\" aria-labelledby=\"toggle_301ff7bc62154cd71\"><div class=\"panel-body toggle-content fusion-clearfix\">\n<p data-fusion-font=\"true\" data-fusion-google-font=\"Poppins\" data-fusion-google-variant=\"400\" style=\"font-family: Poppins; font-weight: 400; color: var(--awb-custom_color_1);\">Beton; \u00e7imento, agrega ve su gibi malzemelerin kar\u0131\u015ft\u0131r\u0131lmas\u0131yla olu\u015fturulan dayan\u0131kl\u0131 ve sert bir yap\u0131m malzemesidir. Beton, in\u015faat end\u00fcstrisinde yayg\u0131n olarak kullan\u0131l\u0131r ve bina temelleri, yollar, k\u00f6pr\u00fcler, barajlar, duvarlar, zemin kaplamalar\u0131 ve di\u011fer bir\u00e7ok yap\u0131 eleman\u0131n\u0131n olu\u015fturulmas\u0131nda temel bir malzemedir.<\/p>\n<p data-fusion-font=\"true\" data-fusion-google-font=\"Poppins\" data-fusion-google-variant=\"400\" style=\"font-family: Poppins; font-weight: 400; color: var(--awb-custom_color_1);\">Beton, \u00e7imento ile suyun kar\u0131\u015ft\u0131r\u0131lmas\u0131 sonucu olu\u015fan kimyasal reaksiyon sayesinde sertle\u015fir. Bu reaksiyon hidratasyon olarak adland\u0131r\u0131l\u0131r ve betonun mukavemetini ve dayan\u0131kl\u0131l\u0131\u011f\u0131n\u0131 art\u0131r\u0131r. Beton, s\u0131k\u0131\u015ft\u0131rma ve d\u00fczg\u00fcn bir \u015fekilde kal\u0131plara d\u00f6k\u00fclerek istenen \u015fekli ve boyutlar\u0131 alabilir.<\/p>\n<\/div><\/div><\/div><\/div><\/div><\/div><\/div><div class=\"fusion-layout-column fusion_builder_column fusion-builder-column-2 fusion_builder_column_1_1 1_1 fusion-flex-column\" style=\"--awb-bg-size:cover;--awb-width-large:100%;--awb-margin-top-large:0px;--awb-spacing-right-large:1.92%;--awb-margin-bottom-large:0px;--awb-spacing-left-large:1.92%;--awb-width-medium:100%;--awb-order-medium:0;--awb-spacing-right-medium:1.92%;--awb-spacing-left-medium:1.92%;--awb-width-small:100%;--awb-order-small:0;--awb-spacing-right-small:1.92%;--awb-spacing-left-small:1.92%;\"><div class=\"fusion-column-wrapper fusion-column-has-shadow fusion-flex-justify-content-flex-start fusion-content-layout-column\"><div class=\"accordian fusion-accordian\" style=\"--awb-border-size:2px;--awb-icon-size:16px;--awb-content-font-size:14px;--awb-icon-alignment:right;--awb-hover-color:var(--awb-color2);--awb-border-color:#003087;--awb-background-color:var(--awb-color1);--awb-divider-color:var(--awb-color2);--awb-divider-hover-color:var(--awb-color2);--awb-icon-color:var(--awb-color1);--awb-title-color:hsla(var(--awb-custom_color_1-h),var(--awb-custom_color_1-s),calc(var(--awb-custom_color_1-l) + 20%),var(--awb-custom_color_1-a));--awb-content-color:#003087;--awb-icon-box-color:var(--awb-custom_color_1);--awb-toggle-hover-accent-color:#c8a977;--awb-title-font-family:&quot;Poppins&quot;;--awb-title-font-weight:400;--awb-title-font-style:normal;--awb-title-font-size:21px;--awb-content-font-family:&quot;Poppins&quot;;--awb-content-font-style:normal;--awb-content-font-weight:400;\"><div class=\"panel-group fusion-toggle-icon-right fusion-toggle-icon-boxed\" id=\"accordion-5553-2\"><div class=\"fusion-panel panel-default panel-b34347880531d7910 fusion-toggle-no-divider fusion-toggle-boxed-mode\" style=\"--awb-content-font-size:14px;--awb-content-font-family:&quot;Poppins&quot;;--awb-content-font-style:normal;--awb-content-font-weight:400;--awb-title-font-family:&quot;Poppins&quot;;--awb-title-font-weight:400;--awb-title-font-style:normal;--awb-title-color:var(--awb-custom_color_1);\"><div class=\"panel-heading\"><h4 class=\"panel-title toggle\" id=\"toggle_b34347880531d7910\"><a aria-expanded=\"false\" aria-controls=\"b34347880531d7910\" role=\"button\" data-toggle=\"collapse\" data-parent=\"#accordion-5553-2\" data-target=\"#b34347880531d7910\" href=\"#b34347880531d7910\"><span class=\"fusion-toggle-icon-wrapper\" aria-hidden=\"true\"><i class=\"fa-fusion-box active-icon fa-angle-down fas\" aria-hidden=\"true\"><\/i><i class=\"fa-fusion-box inactive-icon fa-angle-right fas\" aria-hidden=\"true\"><\/i><\/span><span class=\"fusion-toggle-heading\">Haz\u0131r Beton nedir?<\/span><\/a><\/h4><\/div><div id=\"b34347880531d7910\" class=\"panel-collapse collapse\" aria-labelledby=\"toggle_b34347880531d7910\"><div class=\"panel-body toggle-content fusion-clearfix\">\n<p>Haz\u0131r beton, betonun \u00f6nceden bir beton santralinde \u00fcretilip, ta\u015f\u0131nmas\u0131n\u0131 ve projeye uygulanmas\u0131n\u0131 i\u00e7eren bir t\u00fcr beton tedarik hizmetidir. Bu hizmet, in\u015faat sekt\u00f6r\u00fcnde yayg\u0131n olarak kullan\u0131l\u0131r \u00e7\u00fcnk\u00fc i\u015f sahiplerine in\u015faat projelerinde betonun daha h\u0131zl\u0131, kaliteli ve verimli bir \u015fekilde kullan\u0131lmas\u0131n\u0131 sa\u011flar.<\/p>\n<p>Haz\u0131r betonun temel \u00f6zellikleri;<\/p>\n<ul>\n<li><strong>\u00dcretim Merkezi:&nbsp;<\/strong>Haz\u0131r beton, belirli bir projeye uygun olarak, bir beton santralinde \u00f6zel olarak haz\u0131rlan\u0131r. Bu, kar\u0131\u015f\u0131m\u0131n belirli gereksinimlere g\u00f6re ayarlanmas\u0131n\u0131 sa\u011flar.<\/li>\n<li><strong>Kalite Kontrol:<\/strong>&nbsp;Haz\u0131r beton \u00fcretimi, kalite kontrol s\u00fcre\u00e7lerini i\u00e7erir. Malzemelerin ve kar\u0131\u015f\u0131m\u0131n standartlara uygunlu\u011fu d\u00fczenli olarak denetlenir, bu da kaliteli bir sonu\u00e7 sa\u011flar.<\/li>\n<li><strong>Ula\u015ft\u0131rma:&nbsp;<\/strong>Haz\u0131r beton, projenin yerine \u00f6zel beton mikser kamyonlar\u0131 veya pompalar kullan\u0131larak ta\u015f\u0131n\u0131r. Bu, betonun ta\u015f\u0131nmas\u0131 s\u0131ras\u0131nda kalitesinin korunmas\u0131n\u0131 sa\u011flar.<\/li>\n<li><strong>\u0130\u015f\u00e7ilik ve Zaman Tasarrufu:<\/strong>&nbsp;Haz\u0131r betonun kullan\u0131lmas\u0131, in\u015faat i\u015f\u00e7ili\u011fi ve zaman tasarrufu sa\u011flar. Betonun projenin kendisi \u00fczerinde haz\u0131rlanmas\u0131 ve kar\u0131\u015ft\u0131r\u0131lmas\u0131 gerekmez, bu da in\u015faat s\u00fcresini k\u0131salt\u0131r.<\/li>\n<li><strong>\u00d6zelle\u015ftirme:<\/strong>&nbsp;Haz\u0131r beton, projenin ihtiya\u00e7lar\u0131na ve spesifikasyonlar\u0131na g\u00f6re \u00f6zelle\u015ftirilebilir. \u0130htiya\u00e7 duyulan mukavemet, i\u015flenebilirlik, dayan\u0131kl\u0131l\u0131k ve di\u011fer \u00f6zellikler belirli bir projeye g\u00f6re ayarlanabilir.<\/li>\n<\/ul>\n<\/div><\/div><\/div><\/div><\/div><\/div><\/div><div class=\"fusion-layout-column fusion_builder_column fusion-builder-column-3 fusion_builder_column_1_1 1_1 fusion-flex-column\" style=\"--awb-bg-size:cover;--awb-width-large:100%;--awb-margin-top-large:0px;--awb-spacing-right-large:1.92%;--awb-margin-bottom-large:20px;--awb-spacing-left-large:1.92%;--awb-width-medium:100%;--awb-order-medium:0;--awb-spacing-right-medium:1.92%;--awb-spacing-left-medium:1.92%;--awb-width-small:100%;--awb-order-small:0;--awb-spacing-right-small:1.92%;--awb-spacing-left-small:1.92%;\"><div class=\"fusion-column-wrapper fusion-column-has-shadow fusion-flex-justify-content-flex-start fusion-content-layout-column\"><div class=\"accordian fusion-accordian\" style=\"--awb-border-size:2px;--awb-icon-size:16px;--awb-content-font-size:14px;--awb-icon-alignment:right;--awb-hover-color:var(--awb-color2);--awb-border-color:#003087;--awb-background-color:var(--awb-color1);--awb-divider-color:var(--awb-color2);--awb-divider-hover-color:var(--awb-color2);--awb-icon-color:var(--awb-color1);--awb-title-color:hsla(var(--awb-custom_color_1-h),var(--awb-custom_color_1-s),calc(var(--awb-custom_color_1-l) + 20%),var(--awb-custom_color_1-a));--awb-content-color:#003087;--awb-icon-box-color:var(--awb-custom_color_1);--awb-toggle-hover-accent-color:#c8a977;--awb-title-font-family:&quot;Poppins&quot;;--awb-title-font-weight:400;--awb-title-font-style:normal;--awb-title-font-size:21px;--awb-content-font-family:&quot;Poppins&quot;;--awb-content-font-style:normal;--awb-content-font-weight:400;\"><div class=\"panel-group fusion-toggle-icon-right fusion-toggle-icon-boxed\" id=\"accordion-5553-3\"><div class=\"fusion-panel panel-default panel-51518975b8ceda310 fusion-toggle-no-divider fusion-toggle-boxed-mode\" style=\"--awb-content-font-size:14px;--awb-content-font-family:&quot;Poppins&quot;;--awb-content-font-style:normal;--awb-content-font-weight:400;--awb-title-font-family:&quot;Poppins&quot;;--awb-title-font-weight:400;--awb-title-font-style:normal;--awb-title-color:var(--awb-custom_color_1);\"><div class=\"panel-heading\"><h4 class=\"panel-title toggle\" id=\"toggle_51518975b8ceda310\"><a aria-expanded=\"false\" aria-controls=\"51518975b8ceda310\" role=\"button\" data-toggle=\"collapse\" data-parent=\"#accordion-5553-3\" data-target=\"#51518975b8ceda310\" href=\"#51518975b8ceda310\"><span class=\"fusion-toggle-icon-wrapper\" aria-hidden=\"true\"><i class=\"fa-fusion-box active-icon fa-angle-down fas\" aria-hidden=\"true\"><\/i><i class=\"fa-fusion-box inactive-icon fa-angle-right fas\" aria-hidden=\"true\"><\/i><\/span><span class=\"fusion-toggle-heading\">Haz\u0131r Beton kullan\u0131m alanlar\u0131 nelerdir?<\/span><\/a><\/h4><\/div><div id=\"51518975b8ceda310\" class=\"panel-collapse collapse\" aria-labelledby=\"toggle_51518975b8ceda310\"><div class=\"panel-body toggle-content fusion-clearfix\">\n<p>Haz\u0131r betonun yayg\u0131n kullan\u0131ld\u0131\u011f\u0131 alanlar aras\u0131nda bina in\u015faat\u0131, yol yap\u0131m\u0131, k\u00f6pr\u00fcler, t\u00fcneller ve di\u011fer altyap\u0131 projeleri bulunur. Haz\u0131r beton, projelerin daha h\u0131zl\u0131 bir \u015fekilde tamamlanmas\u0131na yard\u0131mc\u0131 olabilir ve kalite kontrol\u00fcn\u00fc kolayla\u015ft\u0131r\u0131r.<\/p>\n<p>Bu nedenlerle bir\u00e7ok in\u015faat projesinde tercih edilen bir malzeme ve hizmet t\u00fcr\u00fcd\u00fcr.<\/p>\n<\/div><\/div><\/div><\/div><\/div><\/div><\/div><\/div><\/div>","protected":false},"excerpt":{"rendered":"","protected":false},"author":1,"featured_media":0,"parent":0,"menu_order":0,"comment_status":"closed","ping_status":"closed","template":"","meta":{"footnotes":""},"class_list":["post-5553","page","type-page","status-publish","hentry"],"_links":{"self":[{"href":"https:\/\/beton.kcs.com.tr\/en\/wp-json\/wp\/v2\/pages\/5553","targetHints":{"allow":["GET"]}}],"collection":[{"href":"https:\/\/beton.kcs.com.tr\/en\/wp-json\/wp\/v2\/pages"}],"about":[{"href":"https:\/\/beton.kcs.com.tr\/en\/wp-json\/wp\/v2\/types\/page"}],"author":[{"embeddable":true,"href":"https:\/\/beton.kcs.com.tr\/en\/wp-json\/wp\/v2\/users\/1"}],"replies":[{"embeddable":true,"href":"https:\/\/beton.kcs.com.tr\/en\/wp-json\/wp\/v2\/comments?post=5553"}],"version-history":[{"count":2,"href":"https:\/\/beton.kcs.com.tr\/en\/wp-json\/wp\/v2\/pages\/5553\/revisions"}],"predecessor-version":[{"id":5628,"href":"https:\/\/beton.kcs.com.tr\/en\/wp-json\/wp\/v2\/pages\/5553\/revisions\/5628"}],"wp:attachment":[{"href":"https:\/\/beton.kcs.com.tr\/en\/wp-json\/wp\/v2\/media?parent=5553"}],"curies":[{"name":"wp","href":"https:\/\/api.w.org\/{rel}","templated":true}]}}