{"id":5555,"date":"2025-10-31T15:48:11","date_gmt":"2025-10-31T12:48:11","guid":{"rendered":"https:\/\/beton.kcs.com.tr\/?page_id=5555"},"modified":"2025-11-04T14:05:21","modified_gmt":"2025-11-04T11:05:21","slug":"staj-uygulamalari","status":"publish","type":"page","link":"https:\/\/beton.kcs.com.tr\/en\/staj-uygulamalari\/","title":{"rendered":"Staj Uygulamalar\u0131"},"content":{"rendered":"<div class=\"fusion-fullwidth fullwidth-box fusion-builder-row-1 fusion-flex-container has-pattern-background has-mask-background nonhundred-percent-fullwidth non-hundred-percent-height-scrolling\" style=\"--awb-border-radius-top-left:0px;--awb-border-radius-top-right:0px;--awb-border-radius-bottom-right:0px;--awb-border-radius-bottom-left:0px;--awb-flex-wrap:wrap;\" ><div class=\"fusion-builder-row fusion-row fusion-flex-align-items-flex-start fusion-flex-content-wrap\" style=\"max-width:1216.8px;margin-left: calc(-4% \/ 2 );margin-right: calc(-4% \/ 2 );\"><div class=\"fusion-layout-column fusion_builder_column fusion-builder-column-0 fusion_builder_column_1_1 1_1 fusion-flex-column\" style=\"--awb-bg-size:cover;--awb-width-large:100%;--awb-margin-top-large:0px;--awb-spacing-right-large:1.92%;--awb-margin-bottom-large:20px;--awb-spacing-left-large:1.92%;--awb-width-medium:100%;--awb-order-medium:0;--awb-spacing-right-medium:1.92%;--awb-spacing-left-medium:1.92%;--awb-width-small:100%;--awb-order-small:0;--awb-spacing-right-small:1.92%;--awb-spacing-left-small:1.92%;\"><div class=\"fusion-column-wrapper fusion-column-has-shadow fusion-flex-justify-content-flex-start fusion-content-layout-column\"><div class=\"fusion-title title fusion-title-1 fusion-title-text fusion-title-size-one\" style=\"--awb-text-color:#003087;--awb-sep-color:#c8a977;--awb-font-size:35px;\"><div class=\"title-sep-container title-sep-container-left fusion-no-large-visibility fusion-no-medium-visibility fusion-no-small-visibility\"><div class=\"title-sep sep-single sep-solid\" style=\"border-color:#c8a977;\"><\/div><\/div><span class=\"awb-title-spacer fusion-no-large-visibility fusion-no-medium-visibility fusion-no-small-visibility\"><\/span><h1 class=\"fusion-title-heading title-heading-left fusion-responsive-typography-calculated\" style=\"font-family:&quot;Poppins&quot;;font-style:normal;font-weight:400;margin:0;text-transform:capitalize;font-size:1em;--fontSize:35;line-height:var(--awb-typography1-line-height);\">STAJ UYGULAMALARI<\/h1><span class=\"awb-title-spacer\"><\/span><div class=\"title-sep-container title-sep-container-right\"><div class=\"title-sep sep-single sep-solid\" style=\"border-color:#c8a977;\"><\/div><\/div><\/div><\/div><\/div><div class=\"fusion-layout-column fusion_builder_column fusion-builder-column-1 fusion_builder_column_1_2 1_2 fusion-flex-column\" style=\"--awb-bg-size:cover;--awb-width-large:50%;--awb-margin-top-large:0px;--awb-spacing-right-large:3.84%;--awb-margin-bottom-large:20px;--awb-spacing-left-large:3.84%;--awb-width-medium:100%;--awb-order-medium:0;--awb-spacing-right-medium:1.92%;--awb-spacing-left-medium:1.92%;--awb-width-small:100%;--awb-order-small:0;--awb-spacing-right-small:1.92%;--awb-spacing-left-small:1.92%;\"><div class=\"fusion-column-wrapper fusion-column-has-shadow fusion-flex-justify-content-flex-start fusion-content-layout-column\"><div class=\"fusion-text fusion-text-1\" style=\"--awb-font-size:14px;--awb-text-color:#003087;--awb-text-font-family:&quot;Poppins&quot;;--awb-text-font-style:normal;--awb-text-font-weight:400;\"><p>Kipa\u015f Holding ama\u00e7, politika ve prensipleri do\u011frultusunda b\u00f6l\u00fcmlerin stajyer ihtiya\u00e7lar\u0131n\u0131n uygun olarak teminini sa\u011flamak amac\u0131yla \u00f6\u011frenim kurumlar\u0131 ile sanayi kurulu\u015flar\u0131n\u0131n i\u015fbirli\u011fine her zaman s\u0131cak bakmakta olup orta \u00f6\u011fretim ve y\u00fcksek\u00f6\u011fretimden gelen staj taleplerine olumlu yakla\u015fmaktad\u0131r. Staj s\u00fcresince \u00f6\u011frencilerin kariyer se\u00e7imlerine ve bireysel geli\u015fimlerine destek olabilecekleri gibi ayn\u0131 zamanda Kipa\u015f Holding\u2019e de\u011fer katabilecekleri programlar tasarlanmaktad\u0131r.<\/p>\n<p><strong>Meslek Liseleri Staj Program\u0131m\u0131z&nbsp;<\/strong><br \/>3308 say\u0131l\u0131 yasa \u00e7er\u00e7evesinde istihdam etmekle m\u00fckellef oldu\u011fumuz Meslek Lisesi \u00f6\u011frencilerine kontenjan\u0131m\u0131z dahilinde okullar\u0131nda g\u00f6rd\u00fckleri teorik bilgileri uygulama alan\u0131 yaratmaya \u00e7al\u0131\u015f\u0131yor, onlar\u0131 gelece\u011fe en iyi \u015fekilde haz\u0131rlamaya \u00f6zen g\u00f6steriyoruz.<\/p>\n<\/div><\/div><\/div><div class=\"fusion-layout-column fusion_builder_column fusion-builder-column-2 fusion_builder_column_1_2 1_2 fusion-flex-column\" style=\"--awb-bg-size:cover;--awb-width-large:50%;--awb-margin-top-large:0px;--awb-spacing-right-large:3.84%;--awb-margin-bottom-large:20px;--awb-spacing-left-large:3.84%;--awb-width-medium:100%;--awb-order-medium:0;--awb-spacing-right-medium:1.92%;--awb-spacing-left-medium:1.92%;--awb-width-small:100%;--awb-order-small:0;--awb-spacing-right-small:1.92%;--awb-spacing-left-small:1.92%;\"><div class=\"fusion-column-wrapper fusion-column-has-shadow fusion-flex-justify-content-flex-start fusion-content-layout-column\"><div class=\"fusion-image-element\" style=\"--awb-aspect-ratio: 100 \/ 41;--awb-caption-title-font-family:var(--h2_typography-font-family);--awb-caption-title-font-weight:var(--h2_typography-font-weight);--awb-caption-title-font-style:var(--h2_typography-font-style);--awb-caption-title-size:var(--h2_typography-font-size);--awb-caption-title-transform:var(--h2_typography-text-transform);--awb-caption-title-line-height:var(--h2_typography-line-height);--awb-caption-title-letter-spacing:var(--h2_typography-letter-spacing);\"><span class=\"fusion-imageframe imageframe-none imageframe-1 hover-type-none has-aspect-ratio\"><img decoding=\"async\" width=\"300\" height=\"125\" src=\"https:\/\/beton.kcs.com.tr\/wp-content\/uploads\/2025\/10\/Staj-3.jpg\" data-orig-src=\"https:\/\/beton.kcs.com.tr\/wp-content\/uploads\/2025\/10\/Staj-3-300x125.jpg\" class=\"lazyload img-responsive wp-image-5452 img-with-aspect-ratio\" data-parent-fit=\"cover\" data-parent-container=\".fusion-image-element\" alt srcset=\"data:image\/svg+xml,%3Csvg%20xmlns%3D%27http%3A%2F%2Fwww.w3.org%2F2000%2Fsvg%27%20width%3D%271000%27%20height%3D%27415%27%20viewBox%3D%270%200%201000%20415%27%3E%3Crect%20width%3D%271000%27%20height%3D%27415%27%20fill-opacity%3D%220%22%2F%3E%3C%2Fsvg%3E\" data-srcset=\"https:\/\/beton.kcs.com.tr\/wp-content\/uploads\/2025\/10\/Staj-3-200x83.jpg 200w, https:\/\/beton.kcs.com.tr\/wp-content\/uploads\/2025\/10\/Staj-3-400x166.jpg 400w, https:\/\/beton.kcs.com.tr\/wp-content\/uploads\/2025\/10\/Staj-3-600x249.jpg 600w, https:\/\/beton.kcs.com.tr\/wp-content\/uploads\/2025\/10\/Staj-3-800x332.jpg 800w, https:\/\/beton.kcs.com.tr\/wp-content\/uploads\/2025\/10\/Staj-3.jpg 1000w\" data-sizes=\"auto\" data-orig-sizes=\"(max-width: 1024px) 100vw, (max-width: 640px) 100vw, 600px\" \/><\/span><\/div><\/div><\/div><div class=\"fusion-layout-column fusion_builder_column fusion-builder-column-3 fusion_builder_column_1_1 1_1 fusion-flex-column\" style=\"--awb-bg-size:cover;--awb-width-large:100%;--awb-margin-top-large:0px;--awb-spacing-right-large:1.92%;--awb-margin-bottom-large:20px;--awb-spacing-left-large:1.92%;--awb-width-medium:100%;--awb-order-medium:0;--awb-spacing-right-medium:1.92%;--awb-spacing-left-medium:1.92%;--awb-width-small:100%;--awb-order-small:0;--awb-spacing-right-small:1.92%;--awb-spacing-left-small:1.92%;\"><div class=\"fusion-column-wrapper fusion-column-has-shadow fusion-flex-justify-content-flex-start fusion-content-layout-column\"><div class=\"fusion-text fusion-text-2\" style=\"--awb-font-size:14px;--awb-text-color:#003087;--awb-text-font-family:&quot;Poppins&quot;;--awb-text-font-style:normal;--awb-text-font-weight:400;\"><p>Bu uygulama lise son s\u0131n\u0131fta okullar\u0131n a\u00e7\u0131lmas\u0131yla ba\u015flay\u0131p kapanmas\u0131yla birlikte son bulmaktad\u0131r. \u00d6\u011frencileri her okul kendisi belirler.<\/p>\n<p><strong>\u00dcniversite Staj Program\u0131m\u0131z<\/strong><br \/>Gelece\u011fimizin garantisi olarak g\u00f6rd\u00fc\u011f\u00fcm\u00fcz bu gen\u00e7lerimize okulda g\u00f6rd\u00fckleri teorik bilgileri \u015firketimizde uygulama imkan\u0131 yaratmak , \u00e7al\u0131\u015fmak ve onlar\u0131 i\u015f ortam\u0131na en iyi \u015fekilde haz\u0131rlamak temel gayelerimizden biridir. \u0130\u015fletme M\u00fcd\u00fcrlerinden kontenjanlar belirlenerek toplam kontenjan\u0131m\u0131za ula\u015f\u0131l\u0131r. 3 ayl\u0131k yaz tatilinde 1,5 ayl\u0131k 2 d\u00f6nem halinde uygulan\u0131r.<\/p>\n<\/div><div class=\"accordian fusion-accordian\" style=\"--awb-border-size:2px;--awb-icon-size:16px;--awb-content-font-size:14px;--awb-icon-alignment:right;--awb-hover-color:var(--awb-color2);--awb-border-color:#003087;--awb-background-color:var(--awb-color1);--awb-divider-color:var(--awb-color2);--awb-divider-hover-color:var(--awb-color2);--awb-icon-color:var(--awb-color1);--awb-title-color:#003087;--awb-content-color:#003087;--awb-icon-box-color:#003087;--awb-toggle-hover-accent-color:#c8a977;--awb-title-font-family:&quot;Poppins&quot;;--awb-title-font-weight:400;--awb-title-font-style:normal;--awb-title-font-size:21px;--awb-content-font-family:&quot;Poppins&quot;;--awb-content-font-style:normal;--awb-content-font-weight:400;\"><div class=\"panel-group fusion-toggle-icon-right fusion-toggle-icon-boxed\" id=\"accordion-5555-1\"><div class=\"fusion-panel panel-default panel-4b0fd3817544c19d4 fusion-toggle-no-divider fusion-toggle-boxed-mode\" style=\"--awb-content-font-size:14px;--awb-content-font-family:&quot;Poppins&quot;;--awb-content-font-style:normal;--awb-content-font-weight:400;--awb-title-font-family:&quot;Poppins&quot;;--awb-title-font-weight:400;--awb-title-font-style:normal;--awb-title-color:var(--awb-custom_color_1);--awb-content-color:#003087;\"><div class=\"panel-heading\"><h4 class=\"panel-title toggle\" id=\"toggle_4b0fd3817544c19d4\"><a aria-expanded=\"false\" aria-controls=\"4b0fd3817544c19d4\" role=\"button\" data-toggle=\"collapse\" data-parent=\"#accordion-5555-1\" data-target=\"#4b0fd3817544c19d4\" href=\"#4b0fd3817544c19d4\"><span class=\"fusion-toggle-icon-wrapper\" aria-hidden=\"true\"><i class=\"fa-fusion-box active-icon fa-angle-down fas\" aria-hidden=\"true\"><\/i><i class=\"fa-fusion-box inactive-icon fa-angle-right fas\" aria-hidden=\"true\"><\/i><\/span><span class=\"fusion-toggle-heading\">Yetki ve Sorumluluk<\/span><\/a><\/h4><\/div><div id=\"4b0fd3817544c19d4\" class=\"panel-collapse collapse\" aria-labelledby=\"toggle_4b0fd3817544c19d4\"><div class=\"panel-body toggle-content fusion-clearfix\">\n<ul>\n<li>\u0130nsan Kaynaklar\u0131 Birimi; ilgili birimlerden stajyer ba\u015fvurular\u0131n\u0131n al\u0131nmas\u0131, onaylanmas\u0131, ilgilli birimlere da\u011f\u0131t\u0131lmas\u0131 ve staj s\u00fcresinde koordinasyonundan sorumludur.<\/li>\n<li>B\u00f6l\u00fcm Y\u00f6netimi; \u00c7al\u0131\u015fan say\u0131s\u0131na ve ekip i\u00e7inde yap\u0131lan i\u015f \u00e7e\u015fitlili\u011fine ba\u011fl\u0131 olarak stajyer say\u0131s\u0131n\u0131n do\u011fru olarak belirlenmesinden ve talep edilmesinden &nbsp;sorumldur. Ayr\u0131ca stajyerlerin staj s\u00fcreleri boyunca bilgi edinmeleri ve kendilerini geli\u015ftirmeleri i\u00e7in her ekipte stajyer \u00f6\u011frencilerden sorumlu bir k\u0131demli \u00e7al\u0131\u015fan mevcuttur.<\/li>\n<li>Stajyerlerden Sorumlu K\u0131demli \u00c7al\u0131\u015fan; stajyerlerin devams\u0131zl\u0131klar\u0131n\u0131 takip eder g\u00fcnl\u00fck olarak \u0130nsan Kaynaklar\u0131 Birimine bildirir.<\/li>\n<\/ul>\n<\/div><\/div><\/div><\/div><\/div><div class=\"accordian fusion-accordian\" style=\"--awb-border-size:2px;--awb-icon-size:16px;--awb-content-font-size:14px;--awb-icon-alignment:right;--awb-hover-color:var(--awb-color2);--awb-border-color:#003087;--awb-background-color:var(--awb-color1);--awb-divider-color:var(--awb-color2);--awb-divider-hover-color:var(--awb-color2);--awb-icon-color:var(--awb-color1);--awb-title-color:#003087;--awb-content-color:#003087;--awb-icon-box-color:#003087;--awb-toggle-hover-accent-color:#c8a977;--awb-title-font-family:&quot;Poppins&quot;;--awb-title-font-weight:400;--awb-title-font-style:normal;--awb-title-font-size:21px;--awb-content-font-family:&quot;Poppins&quot;;--awb-content-font-style:normal;--awb-content-font-weight:400;\"><div class=\"panel-group fusion-toggle-icon-right fusion-toggle-icon-boxed\" id=\"accordion-5555-2\"><div class=\"fusion-panel panel-default panel-e4e95b51182833021 fusion-toggle-no-divider fusion-toggle-boxed-mode\" style=\"--awb-content-font-size:14px;--awb-content-font-family:&quot;Poppins&quot;;--awb-content-font-style:normal;--awb-content-font-weight:400;--awb-title-font-family:&quot;Poppins&quot;;--awb-title-font-weight:400;--awb-title-font-style:normal;--awb-title-color:var(--awb-custom_color_1);--awb-content-color:#003087;\"><div class=\"panel-heading\"><h4 class=\"panel-title toggle\" id=\"toggle_e4e95b51182833021\"><a aria-expanded=\"false\" aria-controls=\"e4e95b51182833021\" role=\"button\" data-toggle=\"collapse\" data-parent=\"#accordion-5555-2\" data-target=\"#e4e95b51182833021\" href=\"#e4e95b51182833021\"><span class=\"fusion-toggle-icon-wrapper\" aria-hidden=\"true\"><i class=\"fa-fusion-box active-icon fa-angle-down fas\" aria-hidden=\"true\"><\/i><i class=\"fa-fusion-box inactive-icon fa-angle-right fas\" aria-hidden=\"true\"><\/i><\/span><span class=\"fusion-toggle-heading\">Staj Uygulamas\u0131<\/span><\/a><\/h4><\/div><div id=\"e4e95b51182833021\" class=\"panel-collapse collapse\" aria-labelledby=\"toggle_e4e95b51182833021\"><div class=\"panel-body toggle-content fusion-clearfix\">\n<ul>\n<li>\u00dcniversite stajlar\u0131nda, yaz d\u00f6neminde y\u00fcksek\u00f6\u011fretim kurumuna ba\u011fl\u0131 fak\u00fclte ve meslek y\u00fcksekokullar\u0131 \u00f6\u011frencilerine staj imk\u00e2n\u0131 tan\u0131nmaktad\u0131r. Yaz d\u00f6nemi stajyerleri 20 ile 40 i\u015f g\u00fcn\u00fc aras\u0131nda staj yapmaktad\u0131r.<\/li>\n<li>Uzun &nbsp;d\u00f6nem stajlar ise lise ve \u00fcniversite \u00f6\u011frencilerini kapsamaktad\u0131r. Lise stajlar\u0131 &nbsp;Eyl\u00fcl ay\u0131nda ba\u015flar e\u011fitim \u00f6\u011fretim d\u00f6nem sonuna kadar devam eder. \u00dcniversite stajlar\u0131 ise Eyl\u00fcl veya \u015eubat ay\u0131nda ba\u015flar d\u00f6nem sonuna kadar devam eder.<\/li>\n<\/ul>\n<\/div><\/div><\/div><\/div><\/div><div class=\"accordian fusion-accordian\" style=\"--awb-border-size:2px;--awb-icon-size:16px;--awb-content-font-size:14px;--awb-icon-alignment:right;--awb-hover-color:var(--awb-color2);--awb-border-color:#003087;--awb-background-color:var(--awb-color1);--awb-divider-color:var(--awb-color2);--awb-divider-hover-color:var(--awb-color2);--awb-icon-color:var(--awb-color1);--awb-title-color:#003087;--awb-content-color:#003087;--awb-icon-box-color:#003087;--awb-toggle-hover-accent-color:#c8a977;--awb-title-font-family:&quot;Poppins&quot;;--awb-title-font-weight:400;--awb-title-font-style:normal;--awb-title-font-size:21px;--awb-content-font-family:&quot;Poppins&quot;;--awb-content-font-style:normal;--awb-content-font-weight:400;\"><div class=\"panel-group fusion-toggle-icon-right fusion-toggle-icon-boxed\" id=\"accordion-5555-3\"><div class=\"fusion-panel panel-default panel-efa39867aace985c2 fusion-toggle-no-divider fusion-toggle-boxed-mode\" style=\"--awb-content-font-size:14px;--awb-content-font-family:&quot;Poppins&quot;;--awb-content-font-style:normal;--awb-content-font-weight:400;--awb-title-font-family:&quot;Poppins&quot;;--awb-title-font-weight:400;--awb-title-font-style:normal;--awb-title-color:var(--awb-custom_color_1);--awb-content-color:#003087;\"><div class=\"panel-heading\"><h4 class=\"panel-title toggle\" id=\"toggle_efa39867aace985c2\"><a aria-expanded=\"false\" aria-controls=\"efa39867aace985c2\" role=\"button\" data-toggle=\"collapse\" data-parent=\"#accordion-5555-3\" data-target=\"#efa39867aace985c2\" href=\"#efa39867aace985c2\"><span class=\"fusion-toggle-icon-wrapper\" aria-hidden=\"true\"><i class=\"fa-fusion-box active-icon fa-angle-down fas\" aria-hidden=\"true\"><\/i><i class=\"fa-fusion-box inactive-icon fa-angle-right fas\" aria-hidden=\"true\"><\/i><\/span><span class=\"fusion-toggle-heading\">Stajyer \u0130htiyac\u0131n\u0131n Belirlenmesi<\/span><\/a><\/h4><\/div><div id=\"efa39867aace985c2\" class=\"panel-collapse collapse\" aria-labelledby=\"toggle_efa39867aace985c2\"><div class=\"panel-body toggle-content fusion-clearfix\">\n<ul>\n<li>Kipa\u015f Holding \u0130nsan Kaynaklar\u0131 M\u00fcd\u00fcrl\u00fc\u011f\u00fcne stajyer kontenjanlar\u0131n\u0131 mevcut b\u00f6l\u00fcm\u00fcn personel say\u0131s\u0131n\u0131n %10\u2019ununu ge\u00e7meyecek \u015fekilde tespit eder. Ayr\u0131ca b\u00f6l\u00fcm mevcudunda bulunan i\u015f yap\u0131s\u0131na g\u00f6re de stajyer kontenjan\u0131nda belirleme yap\u0131l\u0131r.<\/li>\n<\/ul>\n<\/div><\/div><\/div><\/div><\/div><div class=\"accordian fusion-accordian\" style=\"--awb-border-size:2px;--awb-icon-size:16px;--awb-content-font-size:14px;--awb-icon-alignment:right;--awb-hover-color:var(--awb-color2);--awb-border-color:#003087;--awb-background-color:var(--awb-color1);--awb-divider-color:var(--awb-color2);--awb-divider-hover-color:var(--awb-color2);--awb-icon-color:var(--awb-color1);--awb-title-color:#003087;--awb-content-color:#003087;--awb-icon-box-color:#003087;--awb-toggle-hover-accent-color:#c8a977;--awb-title-font-family:&quot;Poppins&quot;;--awb-title-font-weight:400;--awb-title-font-style:normal;--awb-title-font-size:21px;--awb-content-font-family:&quot;Poppins&quot;;--awb-content-font-style:normal;--awb-content-font-weight:400;\"><div class=\"panel-group fusion-toggle-icon-right fusion-toggle-icon-boxed\" id=\"accordion-5555-4\"><div class=\"fusion-panel panel-default panel-01ca70a114b223db5 fusion-toggle-no-divider fusion-toggle-boxed-mode\" style=\"--awb-content-font-size:14px;--awb-content-font-family:&quot;Poppins&quot;;--awb-content-font-style:normal;--awb-content-font-weight:400;--awb-title-font-family:&quot;Poppins&quot;;--awb-title-font-weight:400;--awb-title-font-style:normal;--awb-title-color:var(--awb-custom_color_1);--awb-content-color:#003087;\"><div class=\"panel-heading\"><h4 class=\"panel-title toggle\" id=\"toggle_01ca70a114b223db5\"><a aria-expanded=\"false\" aria-controls=\"01ca70a114b223db5\" role=\"button\" data-toggle=\"collapse\" data-parent=\"#accordion-5555-4\" data-target=\"#01ca70a114b223db5\" href=\"#01ca70a114b223db5\"><span class=\"fusion-toggle-icon-wrapper\" aria-hidden=\"true\"><i class=\"fa-fusion-box active-icon fa-angle-down fas\" aria-hidden=\"true\"><\/i><i class=\"fa-fusion-box inactive-icon fa-angle-right fas\" aria-hidden=\"true\"><\/i><\/span><span class=\"fusion-toggle-heading\">Stajyer \u00d6\u011frenci Ba\u015fvurular\u0131n\u0131n Al\u0131nmas\u0131 ve De\u011ferlendirilmesi<\/span><\/a><\/h4><\/div><div id=\"01ca70a114b223db5\" class=\"panel-collapse collapse\" aria-labelledby=\"toggle_01ca70a114b223db5\"><div class=\"panel-body toggle-content fusion-clearfix\">\n<ul>\n<li>\u00dcniversite stajyerleri do\u011frudan Kipa\u015f Holding \u0130nsan Kaynaklar\u0131 M\u00fcd\u00fcrl\u00fc\u011f\u00fcne ba\u015fvuru yapabilecekleri gibi&nbsp;<strong>ik@kipas.com.tr&nbsp;<\/strong>adresinden de \u00f6n ba\u015fvurular\u0131 ger\u00e7ekle\u015ftirebilir.<\/li>\n<li>\u0130nsan Kaynaklar\u0131 Uzman\u0131 taraf\u0131ndan staja uygun g\u00f6r\u00fclen stajyerlerin kendilerine okullar\u0131ndan verilen&nbsp;<strong>\u201cStajyer Talep Formlar\u0131\u201d&nbsp;<\/strong>imzalan\u0131r birer n\u00fcshas\u0131n\u0131n kopyas\u0131 al\u0131n\u0131r.<\/li>\n<\/ul>\n<\/div><\/div><\/div><\/div><\/div><div class=\"accordian fusion-accordian\" style=\"--awb-border-size:2px;--awb-icon-size:16px;--awb-content-font-size:14px;--awb-icon-alignment:right;--awb-hover-color:var(--awb-color2);--awb-border-color:#003087;--awb-background-color:var(--awb-color1);--awb-divider-color:var(--awb-color2);--awb-divider-hover-color:var(--awb-color2);--awb-icon-color:var(--awb-color1);--awb-title-color:#003087;--awb-content-color:#003087;--awb-icon-box-color:#003087;--awb-toggle-hover-accent-color:#c8a977;--awb-title-font-family:&quot;Poppins&quot;;--awb-title-font-weight:400;--awb-title-font-style:normal;--awb-title-font-size:21px;--awb-content-font-family:&quot;Poppins&quot;;--awb-content-font-style:normal;--awb-content-font-weight:400;\"><div class=\"panel-group fusion-toggle-icon-right fusion-toggle-icon-boxed\" id=\"accordion-5555-5\"><div class=\"fusion-panel panel-default panel-ce961457760eebb0d fusion-toggle-no-divider fusion-toggle-boxed-mode\" style=\"--awb-content-font-size:14px;--awb-content-font-family:&quot;Poppins&quot;;--awb-content-font-style:normal;--awb-content-font-weight:400;--awb-title-font-family:&quot;Poppins&quot;;--awb-title-font-weight:400;--awb-title-font-style:normal;--awb-title-color:var(--awb-custom_color_1);--awb-content-color:#003087;\"><div class=\"panel-heading\"><h4 class=\"panel-title toggle\" id=\"toggle_ce961457760eebb0d\"><a aria-expanded=\"false\" aria-controls=\"ce961457760eebb0d\" role=\"button\" data-toggle=\"collapse\" data-parent=\"#accordion-5555-5\" data-target=\"#ce961457760eebb0d\" href=\"#ce961457760eebb0d\"><span class=\"fusion-toggle-icon-wrapper\" aria-hidden=\"true\"><i class=\"fa-fusion-box active-icon fa-angle-down fas\" aria-hidden=\"true\"><\/i><i class=\"fa-fusion-box inactive-icon fa-angle-right fas\" aria-hidden=\"true\"><\/i><\/span><span class=\"fusion-toggle-heading\">Servis ve Yemekhane \u0130mkanlar\u0131<\/span><\/a><\/h4><\/div><div id=\"ce961457760eebb0d\" class=\"panel-collapse collapse\" aria-labelledby=\"toggle_ce961457760eebb0d\"><div class=\"panel-body toggle-content fusion-clearfix\">\n<ul>\n<li>Stajyerler yemekhane ve servis imkanlar\u0131ndan yararlanabilirler.<\/li>\n<\/ul>\n<\/div><\/div><\/div><\/div><\/div><\/div><\/div><\/div><\/div>","protected":false},"excerpt":{"rendered":"","protected":false},"author":1,"featured_media":0,"parent":0,"menu_order":0,"comment_status":"closed","ping_status":"closed","template":"","meta":{"footnotes":""},"class_list":["post-5555","page","type-page","status-publish","hentry"],"_links":{"self":[{"href":"https:\/\/beton.kcs.com.tr\/en\/wp-json\/wp\/v2\/pages\/5555","targetHints":{"allow":["GET"]}}],"collection":[{"href":"https:\/\/beton.kcs.com.tr\/en\/wp-json\/wp\/v2\/pages"}],"about":[{"href":"https:\/\/beton.kcs.com.tr\/en\/wp-json\/wp\/v2\/types\/page"}],"author":[{"embeddable":true,"href":"https:\/\/beton.kcs.com.tr\/en\/wp-json\/wp\/v2\/users\/1"}],"replies":[{"embeddable":true,"href":"https:\/\/beton.kcs.com.tr\/en\/wp-json\/wp\/v2\/comments?post=5555"}],"version-history":[{"count":3,"href":"https:\/\/beton.kcs.com.tr\/en\/wp-json\/wp\/v2\/pages\/5555\/revisions"}],"predecessor-version":[{"id":5633,"href":"https:\/\/beton.kcs.com.tr\/en\/wp-json\/wp\/v2\/pages\/5555\/revisions\/5633"}],"wp:attachment":[{"href":"https:\/\/beton.kcs.com.tr\/en\/wp-json\/wp\/v2\/media?parent=5555"}],"curies":[{"name":"wp","href":"https:\/\/api.w.org\/{rel}","templated":true}]}}