{"id":5561,"date":"2025-10-31T15:48:11","date_gmt":"2025-10-31T12:48:11","guid":{"rendered":"https:\/\/beton.kcs.com.tr\/?page_id=5561"},"modified":"2025-11-03T17:02:20","modified_gmt":"2025-11-03T14:02:20","slug":"yonetim-sistemleri","status":"publish","type":"page","link":"https:\/\/beton.kcs.com.tr\/en\/yonetim-sistemleri\/","title":{"rendered":"Y\u00f6netim Sistemleri"},"content":{"rendered":"<div class=\"fusion-fullwidth fullwidth-box fusion-builder-row-1 fusion-flex-container has-pattern-background has-mask-background nonhundred-percent-fullwidth non-hundred-percent-height-scrolling\" style=\"--awb-border-radius-top-left:0px;--awb-border-radius-top-right:0px;--awb-border-radius-bottom-right:0px;--awb-border-radius-bottom-left:0px;--awb-flex-wrap:wrap;\" ><div class=\"fusion-builder-row fusion-row fusion-flex-align-items-flex-start fusion-flex-content-wrap\" style=\"max-width:1216.8px;margin-left: calc(-4% \/ 2 );margin-right: calc(-4% \/ 2 );\"><div class=\"fusion-layout-column fusion_builder_column fusion-builder-column-0 fusion_builder_column_1_1 1_1 fusion-flex-column\" style=\"--awb-bg-size:cover;--awb-width-large:100%;--awb-margin-top-large:0px;--awb-spacing-right-large:1.92%;--awb-margin-bottom-large:20px;--awb-spacing-left-large:1.92%;--awb-width-medium:100%;--awb-order-medium:0;--awb-spacing-right-medium:1.92%;--awb-spacing-left-medium:1.92%;--awb-width-small:100%;--awb-order-small:0;--awb-spacing-right-small:1.92%;--awb-spacing-left-small:1.92%;\"><div class=\"fusion-column-wrapper fusion-column-has-shadow fusion-flex-justify-content-flex-start fusion-content-layout-column\"><div class=\"fusion-title title fusion-title-1 fusion-title-text fusion-title-size-one\" style=\"--awb-text-color:#003087;--awb-sep-color:#c8a977;--awb-font-size:35px;\"><div class=\"title-sep-container title-sep-container-left fusion-no-large-visibility fusion-no-medium-visibility fusion-no-small-visibility\"><div class=\"title-sep sep-single sep-solid\" style=\"border-color:#c8a977;\"><\/div><\/div><span class=\"awb-title-spacer fusion-no-large-visibility fusion-no-medium-visibility fusion-no-small-visibility\"><\/span><h1 class=\"fusion-title-heading title-heading-left fusion-responsive-typography-calculated\" style=\"font-family:&quot;Poppins&quot;;font-style:normal;font-weight:400;margin:0;text-transform:capitalize;font-size:1em;--fontSize:35;line-height:var(--awb-typography1-line-height);\">Y\u00f6netim Sistemleri<\/h1><span class=\"awb-title-spacer\"><\/span><div class=\"title-sep-container title-sep-container-right\"><div class=\"title-sep sep-single sep-solid\" style=\"border-color:#c8a977;\"><\/div><\/div><\/div><\/div><\/div><div class=\"fusion-layout-column fusion_builder_column fusion-builder-column-1 fusion_builder_column_1_2 1_2 fusion-flex-column\" style=\"--awb-bg-size:cover;--awb-width-large:50%;--awb-margin-top-large:0px;--awb-spacing-right-large:3.84%;--awb-margin-bottom-large:20px;--awb-spacing-left-large:3.84%;--awb-width-medium:100%;--awb-order-medium:0;--awb-spacing-right-medium:1.92%;--awb-spacing-left-medium:1.92%;--awb-width-small:100%;--awb-order-small:0;--awb-spacing-right-small:1.92%;--awb-spacing-left-small:1.92%;\"><div class=\"fusion-column-wrapper fusion-column-has-shadow fusion-flex-justify-content-flex-start fusion-content-layout-column\"><div class=\"fusion-text fusion-text-1\" style=\"--awb-font-size:14px;--awb-text-color:#003087;--awb-text-font-family:&quot;Poppins&quot;;--awb-text-font-style:normal;--awb-text-font-weight:400;\"><p>Entegre Y\u00f6netim Sistemi Politikam\u0131z do\u011frultusunda K\u00c7S b\u00fct\u00fcnle\u015fik Kalite Yakla\u015f\u0131m\u0131n\u0131 benimsemekte ve bu do\u011frultuda kurmu\u015f oldu\u011fumuz Y\u00f6netim Sistemlerimiz ile;&nbsp;<\/p>\n<p>M\u00fc\u015fteri beklentileri, yasal \u015fartlar, \u00fcr\u00fcn standartlar\u0131 ve y\u00f6netim sistemleri standartlar\u0131n\u0131n \u00f6ng\u00f6rd\u00fc\u011f\u00fc \u015fartlar\u0131 kar\u015f\u0131layan \u00fcr\u00fcn ve hizmetin s\u00fcrekli ve s\u00fcrd\u00fcr\u00fclebilirli\u011finin sa\u011flayan, \u00e7evreye ve do\u011faya sayg\u0131l\u0131, enerji verimlili\u011fini \u00f6n planda tutarak do\u011fal kaynaklar\u0131n t\u00fcketimini azaltmay\u0131 hedefleyen, &nbsp;\u00e7al\u0131\u015fanlar\u0131n\u0131n kat\u0131l\u0131m\u0131 ile birlikte sistemin verimli bir \u015fekilde uygulanmas\u0131 ve s\u00fcrekli iyile\u015ftirilmesi yolu ile mutlak M\u00fc\u015fteri Memnuniyetine ula\u015f\u0131lmas\u0131 hedeflenmektedir.<\/p>\n<\/div><\/div><\/div><div class=\"fusion-layout-column fusion_builder_column fusion-builder-column-2 fusion_builder_column_1_2 1_2 fusion-flex-column\" style=\"--awb-bg-size:cover;--awb-width-large:50%;--awb-margin-top-large:0px;--awb-spacing-right-large:3.84%;--awb-margin-bottom-large:20px;--awb-spacing-left-large:3.84%;--awb-width-medium:100%;--awb-order-medium:0;--awb-spacing-right-medium:1.92%;--awb-spacing-left-medium:1.92%;--awb-width-small:100%;--awb-order-small:0;--awb-spacing-right-small:1.92%;--awb-spacing-left-small:1.92%;\"><div class=\"fusion-column-wrapper fusion-column-has-shadow fusion-flex-justify-content-flex-start fusion-content-layout-column\"><div class=\"fusion-image-element\" style=\"--awb-aspect-ratio: 100 \/ 66;--awb-caption-title-font-family:var(--h2_typography-font-family);--awb-caption-title-font-weight:var(--h2_typography-font-weight);--awb-caption-title-font-style:var(--h2_typography-font-style);--awb-caption-title-size:var(--h2_typography-font-size);--awb-caption-title-transform:var(--h2_typography-text-transform);--awb-caption-title-line-height:var(--h2_typography-line-height);--awb-caption-title-letter-spacing:var(--h2_typography-letter-spacing);\"><span class=\"fusion-imageframe imageframe-none imageframe-1 hover-type-none has-aspect-ratio\"><img decoding=\"async\" width=\"300\" height=\"200\" src=\"https:\/\/beton.kcs.com.tr\/wp-content\/uploads\/2025\/10\/yonetim-sistemleri-3.jpg\" data-orig-src=\"https:\/\/beton.kcs.com.tr\/wp-content\/uploads\/2025\/10\/yonetim-sistemleri-3-300x200.jpg\" class=\"lazyload img-responsive wp-image-5453 img-with-aspect-ratio\" data-parent-fit=\"cover\" data-parent-container=\".fusion-image-element\" alt srcset=\"data:image\/svg+xml,%3Csvg%20xmlns%3D%27http%3A%2F%2Fwww.w3.org%2F2000%2Fsvg%27%20width%3D%271178%27%20height%3D%27786%27%20viewBox%3D%270%200%201178%20786%27%3E%3Crect%20width%3D%271178%27%20height%3D%27786%27%20fill-opacity%3D%220%22%2F%3E%3C%2Fsvg%3E\" data-srcset=\"https:\/\/beton.kcs.com.tr\/wp-content\/uploads\/2025\/10\/yonetim-sistemleri-3-200x133.jpg 200w, https:\/\/beton.kcs.com.tr\/wp-content\/uploads\/2025\/10\/yonetim-sistemleri-3-400x267.jpg 400w, https:\/\/beton.kcs.com.tr\/wp-content\/uploads\/2025\/10\/yonetim-sistemleri-3-600x400.jpg 600w, https:\/\/beton.kcs.com.tr\/wp-content\/uploads\/2025\/10\/yonetim-sistemleri-3-800x534.jpg 800w, https:\/\/beton.kcs.com.tr\/wp-content\/uploads\/2025\/10\/yonetim-sistemleri-3.jpg 1178w\" data-sizes=\"auto\" data-orig-sizes=\"(max-width: 1024px) 100vw, (max-width: 640px) 100vw, 600px\" \/><\/span><\/div><\/div><\/div><div class=\"fusion-layout-column fusion_builder_column fusion-builder-column-3 fusion_builder_column_1_1 1_1 fusion-flex-column\" style=\"--awb-bg-size:cover;--awb-width-large:100%;--awb-margin-top-large:0px;--awb-spacing-right-large:1.92%;--awb-margin-bottom-large:20px;--awb-spacing-left-large:1.92%;--awb-width-medium:100%;--awb-order-medium:0;--awb-spacing-right-medium:1.92%;--awb-spacing-left-medium:1.92%;--awb-width-small:100%;--awb-order-small:0;--awb-spacing-right-small:1.92%;--awb-spacing-left-small:1.92%;\"><div class=\"fusion-column-wrapper fusion-column-has-shadow fusion-flex-justify-content-flex-start fusion-content-layout-column\"><div class=\"fusion-title title fusion-title-2 fusion-title-text fusion-title-size-one\" style=\"--awb-text-color:#003087;--awb-sep-color:#c8a977;--awb-font-size:35px;\"><div class=\"title-sep-container title-sep-container-left fusion-no-large-visibility fusion-no-medium-visibility fusion-no-small-visibility\"><div class=\"title-sep sep-single sep-solid\" style=\"border-color:#c8a977;\"><\/div><\/div><span class=\"awb-title-spacer fusion-no-large-visibility fusion-no-medium-visibility fusion-no-small-visibility\"><\/span><h1 class=\"fusion-title-heading title-heading-left fusion-responsive-typography-calculated\" style=\"font-family:&quot;Poppins&quot;;font-style:normal;font-weight:400;margin:0;text-transform:capitalize;font-size:1em;--fontSize:35;line-height:var(--awb-typography1-line-height);\">Y\u00f6netim Sistemleri Belgelerimiz<\/h1><span class=\"awb-title-spacer\"><\/span><div class=\"title-sep-container title-sep-container-right\"><div class=\"title-sep sep-single sep-solid\" style=\"border-color:#c8a977;\"><\/div><\/div><\/div><\/div><\/div><div class=\"fusion-layout-column fusion_builder_column fusion-builder-column-4 fusion_builder_column_1_4 1_4 fusion-flex-column\" style=\"--awb-bg-size:cover;--awb-width-large:25%;--awb-margin-top-large:0px;--awb-spacing-right-large:7.68%;--awb-margin-bottom-large:20px;--awb-spacing-left-large:7.68%;--awb-width-medium:100%;--awb-order-medium:0;--awb-spacing-right-medium:1.92%;--awb-spacing-left-medium:1.92%;--awb-width-small:100%;--awb-order-small:0;--awb-spacing-right-small:1.92%;--awb-spacing-left-small:1.92%;\"><div class=\"fusion-column-wrapper fusion-column-has-shadow fusion-flex-justify-content-flex-start fusion-content-layout-column\"><div class=\"fusion-text fusion-text-2\" style=\"--awb-font-size:16px;--awb-text-color:#003087;--awb-text-font-family:&quot;Poppins&quot;;--awb-text-font-style:normal;--awb-text-font-weight:400;\"><div><img decoding=\"async\" class=\"img-fluid\" src=\"data:image\/svg+xml;base64,PHN2ZyB4bWxucz0iaHR0cDovL3d3dy53My5vcmcvMjAwMC9zdmciIHZpZXdCb3g9IjAgMCA1MTIgNTEyIiBmaWxsPSIjMDAwMDAwIj48cGF0aCBkPSJNNDM1Ljg0OCA4My40NjZMMTcyLjgwNCAzNDYuNTFsLTk2LjY1Mi05Ni42NTJjLTQuNjg2LTQuNjg2LTEyLjI4NC00LjY4Ni0xNi45NzEgMGwtMjguMjg0IDI4LjI4NGMtNC42ODYgNC42ODYtNC42ODYgMTIuMjg0IDAgMTYuOTcxbDEzMy40MjEgMTMzLjQyMWM0LjY4NiA0LjY4NiAxMi4yODQgNC42ODYgMTYuOTcxIDBsMjk5LjgxMy0yOTkuODEzYzQuNjg2LTQuNjg2IDQuNjg2LTEyLjI4NCAwLTE2Ljk3MWwtMjguMjg0LTI4LjI4NGMtNC42ODYtNC42ODYtMTIuMjg0LTQuNjg2LTE2Ljk3IDB6Ij48L3BhdGg+PC9zdmc+\" width=\"30\" height=\"30\" data-fa-icon=\"check\" data-fa-style=\"far\">&nbsp; &nbsp; &nbsp;ISO 9001:2015<\/div>\n<div>\n<div>\n<p style=\"text-align: center;\">KAL\u0130TE Y\u00d6NET\u0130M S\u0130STEM\u0130<\/p>\n<\/div>\n<\/div>\n<\/div><\/div><\/div><div class=\"fusion-layout-column fusion_builder_column fusion-builder-column-5 fusion_builder_column_1_4 1_4 fusion-flex-column\" style=\"--awb-bg-size:cover;--awb-width-large:25%;--awb-margin-top-large:0px;--awb-spacing-right-large:7.68%;--awb-margin-bottom-large:20px;--awb-spacing-left-large:7.68%;--awb-width-medium:100%;--awb-order-medium:0;--awb-spacing-right-medium:1.92%;--awb-spacing-left-medium:1.92%;--awb-width-small:100%;--awb-order-small:0;--awb-spacing-right-small:1.92%;--awb-spacing-left-small:1.92%;\"><div class=\"fusion-column-wrapper fusion-column-has-shadow fusion-flex-justify-content-flex-start fusion-content-layout-column\"><div class=\"fusion-text fusion-text-3\" style=\"--awb-font-size:16px;--awb-text-color:#003087;--awb-text-font-family:&quot;Poppins&quot;;--awb-text-font-style:normal;--awb-text-font-weight:400;\"><div><img decoding=\"async\" class=\"img-fluid\" src=\"data:image\/svg+xml;base64,PHN2ZyB4bWxucz0iaHR0cDovL3d3dy53My5vcmcvMjAwMC9zdmciIHZpZXdCb3g9IjAgMCA1MTIgNTEyIiBmaWxsPSIjMDAwMDAwIj48cGF0aCBkPSJNNDM1Ljg0OCA4My40NjZMMTcyLjgwNCAzNDYuNTFsLTk2LjY1Mi05Ni42NTJjLTQuNjg2LTQuNjg2LTEyLjI4NC00LjY4Ni0xNi45NzEgMGwtMjguMjg0IDI4LjI4NGMtNC42ODYgNC42ODYtNC42ODYgMTIuMjg0IDAgMTYuOTcxbDEzMy40MjEgMTMzLjQyMWM0LjY4NiA0LjY4NiAxMi4yODQgNC42ODYgMTYuOTcxIDBsMjk5LjgxMy0yOTkuODEzYzQuNjg2LTQuNjg2IDQuNjg2LTEyLjI4NCAwLTE2Ljk3MWwtMjguMjg0LTI4LjI4NGMtNC42ODYtNC42ODYtMTIuMjg0LTQuNjg2LTE2Ljk3IDB6Ij48L3BhdGg+PC9zdmc+\" width=\"30\" height=\"30\" data-fa-icon=\"check\" data-fa-style=\"far\">&nbsp; &nbsp; ISO 14001:2015<\/div>\n<div>\n<p style=\"text-align: center;\">\u00c7EVRE Y\u00d6NET\u0130M S\u0130STEM\u0130<\/p>\n<\/div>\n<\/div><\/div><\/div><div class=\"fusion-layout-column fusion_builder_column fusion-builder-column-6 fusion_builder_column_1_4 1_4 fusion-flex-column\" style=\"--awb-bg-size:cover;--awb-width-large:25%;--awb-margin-top-large:0px;--awb-spacing-right-large:7.68%;--awb-margin-bottom-large:20px;--awb-spacing-left-large:7.68%;--awb-width-medium:100%;--awb-order-medium:0;--awb-spacing-right-medium:1.92%;--awb-spacing-left-medium:1.92%;--awb-width-small:100%;--awb-order-small:0;--awb-spacing-right-small:1.92%;--awb-spacing-left-small:1.92%;\"><div class=\"fusion-column-wrapper fusion-column-has-shadow fusion-flex-justify-content-flex-start fusion-content-layout-column\"><div class=\"fusion-text fusion-text-4\" style=\"--awb-font-size:16px;--awb-text-color:#003087;--awb-text-font-family:&quot;Poppins&quot;;--awb-text-font-style:normal;--awb-text-font-weight:400;\"><div><img decoding=\"async\" class=\"img-fluid\" src=\"data:image\/svg+xml;base64,PHN2ZyB4bWxucz0iaHR0cDovL3d3dy53My5vcmcvMjAwMC9zdmciIHZpZXdCb3g9IjAgMCA1MTIgNTEyIiBmaWxsPSIjMDAwMDAwIj48cGF0aCBkPSJNNDM1Ljg0OCA4My40NjZMMTcyLjgwNCAzNDYuNTFsLTk2LjY1Mi05Ni42NTJjLTQuNjg2LTQuNjg2LTEyLjI4NC00LjY4Ni0xNi45NzEgMGwtMjguMjg0IDI4LjI4NGMtNC42ODYgNC42ODYtNC42ODYgMTIuMjg0IDAgMTYuOTcxbDEzMy40MjEgMTMzLjQyMWM0LjY4NiA0LjY4NiAxMi4yODQgNC42ODYgMTYuOTcxIDBsMjk5LjgxMy0yOTkuODEzYzQuNjg2LTQuNjg2IDQuNjg2LTEyLjI4NCAwLTE2Ljk3MWwtMjguMjg0LTI4LjI4NGMtNC42ODYtNC42ODYtMTIuMjg0LTQuNjg2LTE2Ljk3IDB6Ij48L3BhdGg+PC9zdmc+\" width=\"30\" height=\"30\" data-fa-icon=\"check\" data-fa-style=\"far\">&nbsp; &nbsp; ISO 45001:2018<\/div>\n<div>\n<p style=\"text-align: center;\">\u0130SG Y\u00d6NET\u0130M S\u0130STEM\u0130<\/p>\n<\/div>\n<\/div><\/div><\/div><div class=\"fusion-layout-column fusion_builder_column fusion-builder-column-7 fusion_builder_column_1_4 1_4 fusion-flex-column\" style=\"--awb-bg-size:cover;--awb-width-large:25%;--awb-margin-top-large:0px;--awb-spacing-right-large:7.68%;--awb-margin-bottom-large:20px;--awb-spacing-left-large:7.68%;--awb-width-medium:100%;--awb-order-medium:0;--awb-spacing-right-medium:1.92%;--awb-spacing-left-medium:1.92%;--awb-width-small:100%;--awb-order-small:0;--awb-spacing-right-small:1.92%;--awb-spacing-left-small:1.92%;\"><div class=\"fusion-column-wrapper fusion-column-has-shadow fusion-flex-justify-content-flex-start fusion-content-layout-column\"><div class=\"fusion-text fusion-text-5\" style=\"--awb-font-size:16px;--awb-text-color:#003087;--awb-text-font-family:&quot;Poppins&quot;;--awb-text-font-style:normal;--awb-text-font-weight:400;\"><div><img decoding=\"async\" class=\"img-fluid\" src=\"data:image\/svg+xml;base64,PHN2ZyB4bWxucz0iaHR0cDovL3d3dy53My5vcmcvMjAwMC9zdmciIHZpZXdCb3g9IjAgMCA1MTIgNTEyIiBmaWxsPSIjMDAwMDAwIj48cGF0aCBkPSJNNDM1Ljg0OCA4My40NjZMMTcyLjgwNCAzNDYuNTFsLTk2LjY1Mi05Ni42NTJjLTQuNjg2LTQuNjg2LTEyLjI4NC00LjY4Ni0xNi45NzEgMGwtMjguMjg0IDI4LjI4NGMtNC42ODYgNC42ODYtNC42ODYgMTIuMjg0IDAgMTYuOTcxbDEzMy40MjEgMTMzLjQyMWM0LjY4NiA0LjY4NiAxMi4yODQgNC42ODYgMTYuOTcxIDBsMjk5LjgxMy0yOTkuODEzYzQuNjg2LTQuNjg2IDQuNjg2LTEyLjI4NCAwLTE2Ljk3MWwtMjguMjg0LTI4LjI4NGMtNC42ODYtNC42ODYtMTIuMjg0LTQuNjg2LTE2Ljk3IDB6Ij48L3BhdGg+PC9zdmc+\" width=\"30\" height=\"30\" data-fa-icon=\"check\" data-fa-style=\"far\">&nbsp; &nbsp; ISO 50001:2018<\/div>\n<div>\n<p style=\"text-align: center;\">ENERJ\u0130 Y\u00d6NET\u0130M S\u0130STEM\u0130<\/p>\n<\/div>\n<\/div><\/div><\/div><div class=\"fusion-layout-column fusion_builder_column fusion-builder-column-8 fusion_builder_column_1_4 1_4 fusion-flex-column\" style=\"--awb-bg-size:cover;--awb-width-large:25%;--awb-margin-top-large:0px;--awb-spacing-right-large:7.68%;--awb-margin-bottom-large:20px;--awb-spacing-left-large:7.68%;--awb-width-medium:100%;--awb-order-medium:0;--awb-spacing-right-medium:1.92%;--awb-spacing-left-medium:1.92%;--awb-width-small:100%;--awb-order-small:0;--awb-spacing-right-small:1.92%;--awb-spacing-left-small:1.92%;\"><div class=\"fusion-column-wrapper fusion-column-has-shadow fusion-flex-justify-content-flex-start fusion-content-layout-column\"><div class=\"fusion-text fusion-text-6\" style=\"--awb-font-size:16px;--awb-text-color:#003087;--awb-text-font-family:&quot;Poppins&quot;;--awb-text-font-style:normal;--awb-text-font-weight:400;\"><div><img decoding=\"async\" class=\"img-fluid\" src=\"data:image\/svg+xml;base64,PHN2ZyB4bWxucz0iaHR0cDovL3d3dy53My5vcmcvMjAwMC9zdmciIHZpZXdCb3g9IjAgMCA1MTIgNTEyIiBmaWxsPSIjMDAwMDAwIj48cGF0aCBkPSJNNDM1Ljg0OCA4My40NjZMMTcyLjgwNCAzNDYuNTFsLTk2LjY1Mi05Ni42NTJjLTQuNjg2LTQuNjg2LTEyLjI4NC00LjY4Ni0xNi45NzEgMGwtMjguMjg0IDI4LjI4NGMtNC42ODYgNC42ODYtNC42ODYgMTIuMjg0IDAgMTYuOTcxbDEzMy40MjEgMTMzLjQyMWM0LjY4NiA0LjY4NiAxMi4yODQgNC42ODYgMTYuOTcxIDBsMjk5LjgxMy0yOTkuODEzYzQuNjg2LTQuNjg2IDQuNjg2LTEyLjI4NCAwLTE2Ljk3MWwtMjguMjg0LTI4LjI4NGMtNC42ODYtNC42ODYtMTIuMjg0LTQuNjg2LTE2Ljk3IDB6Ij48L3BhdGg+PC9zdmc+\" width=\"30\" height=\"30\" data-fa-icon=\"check\" data-fa-style=\"far\">&nbsp; &nbsp; ISO 27001:2013<\/div>\n<div>\n<p style=\"text-align: center;\">B\u0130LG\u0130 G\u00dcVENL\u0130\u011e\u0130 Y\u00d6NET\u0130M S\u0130STEM\u0130<\/p>\n<\/div>\n<\/div><\/div><\/div><div class=\"fusion-layout-column fusion_builder_column fusion-builder-column-9 fusion_builder_column_1_4 1_4 fusion-flex-column\" style=\"--awb-bg-size:cover;--awb-width-large:25%;--awb-margin-top-large:0px;--awb-spacing-right-large:7.68%;--awb-margin-bottom-large:20px;--awb-spacing-left-large:7.68%;--awb-width-medium:100%;--awb-order-medium:0;--awb-spacing-right-medium:1.92%;--awb-spacing-left-medium:1.92%;--awb-width-small:100%;--awb-order-small:0;--awb-spacing-right-small:1.92%;--awb-spacing-left-small:1.92%;\"><div class=\"fusion-column-wrapper fusion-column-has-shadow fusion-flex-justify-content-flex-start fusion-content-layout-column\"><div class=\"fusion-text fusion-text-7\" style=\"--awb-font-size:16px;--awb-text-color:#003087;--awb-text-font-family:&quot;Poppins&quot;;--awb-text-font-style:normal;--awb-text-font-weight:400;\"><div><img decoding=\"async\" class=\"img-fluid\" src=\"data:image\/svg+xml;base64,PHN2ZyB4bWxucz0iaHR0cDovL3d3dy53My5vcmcvMjAwMC9zdmciIHZpZXdCb3g9IjAgMCA1MTIgNTEyIiBmaWxsPSIjMDAwMDAwIj48cGF0aCBkPSJNNDM1Ljg0OCA4My40NjZMMTcyLjgwNCAzNDYuNTFsLTk2LjY1Mi05Ni42NTJjLTQuNjg2LTQuNjg2LTEyLjI4NC00LjY4Ni0xNi45NzEgMGwtMjguMjg0IDI4LjI4NGMtNC42ODYgNC42ODYtNC42ODYgMTIuMjg0IDAgMTYuOTcxbDEzMy40MjEgMTMzLjQyMWM0LjY4NiA0LjY4NiAxMi4yODQgNC42ODYgMTYuOTcxIDBsMjk5LjgxMy0yOTkuODEzYzQuNjg2LTQuNjg2IDQuNjg2LTEyLjI4NCAwLTE2Ljk3MWwtMjguMjg0LTI4LjI4NGMtNC42ODYtNC42ODYtMTIuMjg0LTQuNjg2LTE2Ljk3IDB6Ij48L3BhdGg+PC9zdmc+\" width=\"30\" height=\"30\" data-fa-icon=\"check\" data-fa-style=\"far\">&nbsp; &nbsp; &nbsp;TS EN 197-1<\/div>\n<div>\n<p style=\"text-align: center;\">\u00c7\u0130MENTO \u00dcR\u00dcNLER\u0130<\/p>\n<\/div>\n<\/div><\/div><\/div><div class=\"fusion-layout-column fusion_builder_column fusion-builder-column-10 fusion_builder_column_1_4 1_4 fusion-flex-column\" style=\"--awb-bg-size:cover;--awb-width-large:25%;--awb-margin-top-large:0px;--awb-spacing-right-large:7.68%;--awb-margin-bottom-large:20px;--awb-spacing-left-large:7.68%;--awb-width-medium:100%;--awb-order-medium:0;--awb-spacing-right-medium:1.92%;--awb-spacing-left-medium:1.92%;--awb-width-small:100%;--awb-order-small:0;--awb-spacing-right-small:1.92%;--awb-spacing-left-small:1.92%;\"><div class=\"fusion-column-wrapper fusion-column-has-shadow fusion-flex-justify-content-flex-start fusion-content-layout-column\"><div class=\"fusion-text fusion-text-8\" style=\"--awb-font-size:16px;--awb-text-color:#003087;--awb-text-font-family:&quot;Poppins&quot;;--awb-text-font-style:normal;--awb-text-font-weight:400;\"><div><img decoding=\"async\" class=\"img-fluid\" src=\"data:image\/svg+xml;base64,PHN2ZyB4bWxucz0iaHR0cDovL3d3dy53My5vcmcvMjAwMC9zdmciIHZpZXdCb3g9IjAgMCA1MTIgNTEyIiBmaWxsPSIjMDAwMDAwIj48cGF0aCBkPSJNNDM1Ljg0OCA4My40NjZMMTcyLjgwNCAzNDYuNTFsLTk2LjY1Mi05Ni42NTJjLTQuNjg2LTQuNjg2LTEyLjI4NC00LjY4Ni0xNi45NzEgMGwtMjguMjg0IDI4LjI4NGMtNC42ODYgNC42ODYtNC42ODYgMTIuMjg0IDAgMTYuOTcxbDEzMy40MjEgMTMzLjQyMWM0LjY4NiA0LjY4NiAxMi4yODQgNC42ODYgMTYuOTcxIDBsMjk5LjgxMy0yOTkuODEzYzQuNjg2LTQuNjg2IDQuNjg2LTEyLjI4NCAwLTE2Ljk3MWwtMjguMjg0LTI4LjI4NGMtNC42ODYtNC42ODYtMTIuMjg0LTQuNjg2LTE2Ljk3IDB6Ij48L3BhdGg+PC9zdmc+\" width=\"30\" height=\"30\" data-fa-icon=\"check\" data-fa-style=\"far\">&nbsp; &nbsp; TS EN 771-4<\/div>\n<div>\n<p style=\"text-align: center;\">BLOK GAZBETON \u00dcR\u00dcNLER\u0130<\/p>\n<\/div>\n<\/div><\/div><\/div><div class=\"fusion-layout-column fusion_builder_column fusion-builder-column-11 fusion_builder_column_1_4 1_4 fusion-flex-column\" style=\"--awb-bg-size:cover;--awb-width-large:25%;--awb-margin-top-large:0px;--awb-spacing-right-large:7.68%;--awb-margin-bottom-large:20px;--awb-spacing-left-large:7.68%;--awb-width-medium:100%;--awb-order-medium:0;--awb-spacing-right-medium:1.92%;--awb-spacing-left-medium:1.92%;--awb-width-small:100%;--awb-order-small:0;--awb-spacing-right-small:1.92%;--awb-spacing-left-small:1.92%;\"><div class=\"fusion-column-wrapper fusion-column-has-shadow fusion-flex-justify-content-flex-start fusion-content-layout-column\"><div class=\"fusion-text fusion-text-9\" style=\"--awb-font-size:16px;--awb-text-color:#003087;--awb-text-font-family:&quot;Poppins&quot;;--awb-text-font-style:normal;--awb-text-font-weight:400;\"><div><img decoding=\"async\" class=\"img-fluid\" src=\"data:image\/svg+xml;base64,PHN2ZyB4bWxucz0iaHR0cDovL3d3dy53My5vcmcvMjAwMC9zdmciIHZpZXdCb3g9IjAgMCA1MTIgNTEyIiBmaWxsPSIjMDAwMDAwIj48cGF0aCBkPSJNNDM1Ljg0OCA4My40NjZMMTcyLjgwNCAzNDYuNTFsLTk2LjY1Mi05Ni42NTJjLTQuNjg2LTQuNjg2LTEyLjI4NC00LjY4Ni0xNi45NzEgMGwtMjguMjg0IDI4LjI4NGMtNC42ODYgNC42ODYtNC42ODYgMTIuMjg0IDAgMTYuOTcxbDEzMy40MjEgMTMzLjQyMWM0LjY4NiA0LjY4NiAxMi4yODQgNC42ODYgMTYuOTcxIDBsMjk5LjgxMy0yOTkuODEzYzQuNjg2LTQuNjg2IDQuNjg2LTEyLjI4NCAwLTE2Ljk3MWwtMjguMjg0LTI4LjI4NGMtNC42ODYtNC42ODYtMTIuMjg0LTQuNjg2LTE2Ljk3IDB6Ij48L3BhdGg+PC9zdmc+\" width=\"30\" height=\"30\" data-fa-icon=\"check\" data-fa-style=\"far\">&nbsp; &nbsp; TS EN 12602<\/div>\n<div>\n<p style=\"text-align: center;\">DONATILI GAZBETON \u00dcR\u00dcNLER\u0130<\/p>\n<\/div>\n<\/div><\/div><\/div><\/div><\/div>","protected":false},"excerpt":{"rendered":"","protected":false},"author":1,"featured_media":0,"parent":0,"menu_order":0,"comment_status":"closed","ping_status":"closed","template":"","meta":{"footnotes":""},"class_list":["post-5561","page","type-page","status-publish","hentry"],"_links":{"self":[{"href":"https:\/\/beton.kcs.com.tr\/en\/wp-json\/wp\/v2\/pages\/5561","targetHints":{"allow":["GET"]}}],"collection":[{"href":"https:\/\/beton.kcs.com.tr\/en\/wp-json\/wp\/v2\/pages"}],"about":[{"href":"https:\/\/beton.kcs.com.tr\/en\/wp-json\/wp\/v2\/types\/page"}],"author":[{"embeddable":true,"href":"https:\/\/beton.kcs.com.tr\/en\/wp-json\/wp\/v2\/users\/1"}],"replies":[{"embeddable":true,"href":"https:\/\/beton.kcs.com.tr\/en\/wp-json\/wp\/v2\/comments?post=5561"}],"version-history":[{"count":2,"href":"https:\/\/beton.kcs.com.tr\/en\/wp-json\/wp\/v2\/pages\/5561\/revisions"}],"predecessor-version":[{"id":5596,"href":"https:\/\/beton.kcs.com.tr\/en\/wp-json\/wp\/v2\/pages\/5561\/revisions\/5596"}],"wp:attachment":[{"href":"https:\/\/beton.kcs.com.tr\/en\/wp-json\/wp\/v2\/media?parent=5561"}],"curies":[{"name":"wp","href":"https:\/\/api.w.org\/{rel}","templated":true}]}}